{"id":342,"date":"2025-01-31T08:31:51","date_gmt":"2025-01-31T07:31:51","guid":{"rendered":"https:\/\/divainers.com\/producto\/divain-952\/"},"modified":"2026-04-30T16:20:38","modified_gmt":"2026-04-30T14:20:38","slug":"divain-952","status":"publish","type":"product","link":"https:\/\/divainers.com\/de\/producto\/divain-952\/","title":{"rendered":"divain.952"},"content":{"rendered":"<p>Sladk\u00e1 a okouzluj\u00edc\u00ed v\u016fn\u011b, kter\u00e1 zachycuje podstatu hv\u011bzdn\u00e9 noci, zahalen\u00e1 do tajemn\u00e9 a kouzeln\u00e9 atmosf\u00e9ry. Od za\u010d\u00e1tku se ovocn\u00e9 t\u00f3ny \u0161vestky a hru\u0161ky spojuj\u00ed s jemn\u00fdm n\u00e1dechem bergamotu, vytv\u00e1\u0159ej\u00edc jasn\u00fd a osv\u011b\u017euj\u00edc\u00ed pocit, kter\u00fd probouz\u00ed smysly. Jak se v\u016fn\u011b rozv\u00edj\u00ed, kv\u011btinov\u00e9 t\u00f3ny jasm\u00ednu a kokosu p\u0159in\u00e1\u0161ej\u00ed jemnou a obklopuj\u00edc\u00ed sladkost, zat\u00edmco dotek pi\u017ema a santalov\u00e9ho d\u0159eva v z\u00e1kladu dod\u00e1v\u00e1 tepl\u00fd a sv\u016fdn\u00fd podklad. Kombinace vanilky a karamelu vytv\u00e1\u0159\u00ed kr\u00e9movou hebkost, kter\u00e1 v\u016fni obaluje a zanech\u00e1v\u00e1 ji \u00fatulnou a lahodnou. Tato v\u016fn\u011b je ide\u00e1ln\u00ed pro ty, kte\u0159\u00ed hledaj\u00ed sladk\u00fd, sv\u016fdn\u00fd a romantick\u00fd z\u00e1\u017eitek, ide\u00e1ln\u00ed pro zvl\u00e1\u0161tn\u00ed ve\u010dery, kde se tajemstv\u00ed a n\u011bha prol\u00ednaj\u00ed.<\/p>\n","protected":false},"excerpt":{"rendered":"<p>P\u0159ipom\u00edn\u00e1 Moonlight od Ariana Grande<\/p>\n","protected":false},"featured_media":15919,"comment_status":"open","ping_status":"closed","template":"","meta":[],"product_brand":[],"product_cat":[1611],"product_tag":[1450],"class_list":{"0":"post-342","1":"product","2":"type-product","3":"status-publish","4":"has-post-thumbnail","6":"product_cat-ariana-grande","7":"product_tag-femei","9":"first","10":"instock","11":"shipping-taxable","12":"product-type-simple"},"_links":{"self":[{"href":"https:\/\/divainers.com\/de\/wp-json\/wp\/v2\/product\/342","targetHints":{"allow":["GET"]}}],"collection":[{"href":"https:\/\/divainers.com\/de\/wp-json\/wp\/v2\/product"}],"about":[{"href":"https:\/\/divainers.com\/de\/wp-json\/wp\/v2\/types\/product"}],"replies":[{"embeddable":true,"href":"https:\/\/divainers.com\/de\/wp-json\/wp\/v2\/comments?post=342"}],"wp:featuredmedia":[{"embeddable":true,"href":"https:\/\/divainers.com\/de\/wp-json\/wp\/v2\/media\/15919"}],"wp:attachment":[{"href":"https:\/\/divainers.com\/de\/wp-json\/wp\/v2\/media?parent=342"}],"wp:term":[{"taxonomy":"product_brand","embeddable":true,"href":"https:\/\/divainers.com\/de\/wp-json\/wp\/v2\/product_brand?post=342"},{"taxonomy":"product_cat","embeddable":true,"href":"https:\/\/divainers.com\/de\/wp-json\/wp\/v2\/product_cat?post=342"},{"taxonomy":"product_tag","embeddable":true,"href":"https:\/\/divainers.com\/de\/wp-json\/wp\/v2\/product_tag?post=342"}],"curies":[{"name":"wp","href":"https:\/\/api.w.org\/{rel}","templated":true}]}}