{"id":361,"date":"2025-01-31T08:31:54","date_gmt":"2025-01-31T07:31:54","guid":{"rendered":"https:\/\/divainers.com\/producto\/divain-160\/"},"modified":"2026-04-30T16:20:55","modified_gmt":"2026-04-30T14:20:55","slug":"divain-160","status":"publish","type":"product","link":"https:\/\/divainers.com\/de\/producto\/divain-160\/","title":{"rendered":"divain.160"},"content":{"rendered":"<p>Sofistikovan\u00e1 a podmaniv\u00e1 v\u016fn\u011b, kter\u00e1 vyza\u0159uje eleganci a smyslnost s neodolatelnou p\u0159irozenost\u00ed. Jej\u00ed sv\u011b\u017e\u00ed \u00favod broskve, pely\u0148ku a fr\u00e9zie p\u0159in\u00e1\u0161\u00ed ovocn\u00fd a jemn\u011b ko\u0159en\u011bn\u00fd n\u00e1dech. V srdci se santalov\u00e9 d\u0159evo a r\u016f\u017ee prol\u00ednaj\u00ed v jemn\u00fd a \u017eensk\u00fd kytici, dod\u00e1vaj\u00edc\u00ed hloubku a teplo. V z\u00e1kladu vanilka, pi\u017emo a jantar vytv\u00e1\u0159ej\u00ed kr\u00e9movou a obklopuj\u00edc\u00ed stopu, ide\u00e1ln\u00ed pro elegantn\u00ed \u017eenu, sebev\u011bdomou a s p\u0159irozen\u00fdm magnetismem, kter\u00fd zanech\u00e1v\u00e1 dojem na ka\u017ed\u00e9m kroku.<\/p>\n","protected":false},"excerpt":{"rendered":"<p>P\u0159ipom\u00edn\u00e1 Body od Burberry<\/p>\n","protected":false},"featured_media":15926,"comment_status":"open","ping_status":"closed","template":"","meta":[],"product_brand":[],"product_cat":[1155],"product_tag":[1156],"class_list":{"0":"post-361","1":"product","2":"type-product","3":"status-publish","4":"has-post-thumbnail","6":"product_cat-burberry","7":"product_tag-mujer","9":"first","10":"instock","11":"shipping-taxable","12":"product-type-simple"},"_links":{"self":[{"href":"https:\/\/divainers.com\/de\/wp-json\/wp\/v2\/product\/361","targetHints":{"allow":["GET"]}}],"collection":[{"href":"https:\/\/divainers.com\/de\/wp-json\/wp\/v2\/product"}],"about":[{"href":"https:\/\/divainers.com\/de\/wp-json\/wp\/v2\/types\/product"}],"replies":[{"embeddable":true,"href":"https:\/\/divainers.com\/de\/wp-json\/wp\/v2\/comments?post=361"}],"wp:featuredmedia":[{"embeddable":true,"href":"https:\/\/divainers.com\/de\/wp-json\/wp\/v2\/media\/15926"}],"wp:attachment":[{"href":"https:\/\/divainers.com\/de\/wp-json\/wp\/v2\/media?parent=361"}],"wp:term":[{"taxonomy":"product_brand","embeddable":true,"href":"https:\/\/divainers.com\/de\/wp-json\/wp\/v2\/product_brand?post=361"},{"taxonomy":"product_cat","embeddable":true,"href":"https:\/\/divainers.com\/de\/wp-json\/wp\/v2\/product_cat?post=361"},{"taxonomy":"product_tag","embeddable":true,"href":"https:\/\/divainers.com\/de\/wp-json\/wp\/v2\/product_tag?post=361"}],"curies":[{"name":"wp","href":"https:\/\/api.w.org\/{rel}","templated":true}]}}