{"id":364,"date":"2025-01-31T08:31:54","date_gmt":"2025-01-31T07:31:54","guid":{"rendered":"https:\/\/divainers.com\/producto\/divain-553\/"},"modified":"2026-04-30T16:20:58","modified_gmt":"2026-04-30T14:20:58","slug":"divain-553","status":"publish","type":"product","link":"https:\/\/divainers.com\/de\/producto\/divain-553\/","title":{"rendered":"divain.553"},"content":{"rendered":"<p>Sofistikovan\u00e1 a elegantn\u00ed v\u016fn\u011b, kter\u00e1 zachycuje podstatu britsk\u00e9ho stylu s kombinac\u00ed sv\u011b\u017eesti a tepla. Od prvn\u00edho n\u00e1dechu \u017eiv\u00e1 sm\u011bs r\u016f\u017ee, mandarinky a zelen\u00e9ho jablka probouz\u00ed smysly ovocnou a jisk\u0159ivou sv\u011b\u017eest\u00ed. V srdci se kv\u011btinov\u00fd buket jasm\u00ednu, pivo\u0148ky a konvalinky spojuje s jemn\u00fdm n\u00e1dechem sko\u0159ice, vytv\u00e1\u0159ej\u00edc\u00edm tepl\u00fd a obklopuj\u00edc\u00ed pocit. Nakonec d\u0159evit\u00fd z\u00e1klad ze santalov\u00e9ho d\u0159eva, pi\u017ema a vetiveru zanech\u00e1v\u00e1 hlubokou, smyslnou a dlouhotrvaj\u00edc\u00ed stopu. Parf\u00e9m ide\u00e1ln\u00ed pro ty, kte\u0159\u00ed hledaj\u00ed kv\u011btinovou a ovocnou v\u016fni s n\u00e1dechem d\u0159evit\u00e9 teploty, perfektn\u00ed pro ka\u017edodenn\u00ed no\u0161en\u00ed i elegantn\u00ed a v\u00fdjime\u010dn\u00e9 chv\u00edle.<\/p>\n","protected":false},"excerpt":{"rendered":"<p>P\u0159ipom\u00edn\u00e1 London od Burberry<\/p>\n","protected":false},"featured_media":15928,"comment_status":"open","ping_status":"closed","template":"","meta":[],"product_brand":[],"product_cat":[1907],"product_tag":[1430],"class_list":{"0":"post-364","1":"product","2":"type-product","3":"status-publish","4":"has-post-thumbnail","6":"product_cat-burberry","7":"product_tag-zeny","9":"first","10":"instock","11":"shipping-taxable","12":"product-type-simple"},"_links":{"self":[{"href":"https:\/\/divainers.com\/de\/wp-json\/wp\/v2\/product\/364","targetHints":{"allow":["GET"]}}],"collection":[{"href":"https:\/\/divainers.com\/de\/wp-json\/wp\/v2\/product"}],"about":[{"href":"https:\/\/divainers.com\/de\/wp-json\/wp\/v2\/types\/product"}],"replies":[{"embeddable":true,"href":"https:\/\/divainers.com\/de\/wp-json\/wp\/v2\/comments?post=364"}],"wp:featuredmedia":[{"embeddable":true,"href":"https:\/\/divainers.com\/de\/wp-json\/wp\/v2\/media\/15928"}],"wp:attachment":[{"href":"https:\/\/divainers.com\/de\/wp-json\/wp\/v2\/media?parent=364"}],"wp:term":[{"taxonomy":"product_brand","embeddable":true,"href":"https:\/\/divainers.com\/de\/wp-json\/wp\/v2\/product_brand?post=364"},{"taxonomy":"product_cat","embeddable":true,"href":"https:\/\/divainers.com\/de\/wp-json\/wp\/v2\/product_cat?post=364"},{"taxonomy":"product_tag","embeddable":true,"href":"https:\/\/divainers.com\/de\/wp-json\/wp\/v2\/product_tag?post=364"}],"curies":[{"name":"wp","href":"https:\/\/api.w.org\/{rel}","templated":true}]}}