{"id":368,"date":"2025-01-31T08:31:54","date_gmt":"2025-01-31T07:31:54","guid":{"rendered":"https:\/\/divainers.com\/producto\/divain-083\/"},"modified":"2026-04-30T16:21:04","modified_gmt":"2026-04-30T14:21:04","slug":"divain-083","status":"publish","type":"product","link":"https:\/\/divainers.com\/de\/producto\/divain-083\/","title":{"rendered":"divain.083"},"content":{"rendered":"<p>\u00c9terick\u00e1 a sofistikovan\u00e1 v\u016fn\u011b, kter\u00e1 evokuje \u010distotu a jasnost v ka\u017ed\u00e9 not\u011b. Jej\u00ed sv\u011b\u017e\u00ed \u00favod z bambusu a hru\u0161ky Nashi p\u0159in\u00e1\u0161\u00ed k\u0159i\u0161\u0165\u00e1lov\u00fd a lehk\u00fd pocit. V srdci v\u016fn\u011b lotosov\u00fd kv\u011bt obaluje jemnost\u00ed vodn\u00ed a \u017eensk\u00e9 n\u011bhy. V z\u00e1kladu pi\u017emo a gaiacov\u00e9 d\u0159evo vytv\u00e1\u0159ej\u00ed m\u011bkkou a obklopuj\u00edc\u00ed stopu, ide\u00e1ln\u00ed pro elegantn\u00ed, klidnou \u017eenu s p\u0159irozen\u00fdm leskem, kter\u00fd osv\u011btluje jej\u00ed cestu.<\/p>\n","protected":false},"excerpt":{"rendered":"<p>P\u0159ipom\u00edn\u00e1 Omnia Crystalline od Bvlgari<\/p>\n","protected":false},"featured_media":15933,"comment_status":"open","ping_status":"closed","template":"","meta":[],"product_brand":[],"product_cat":[1934],"product_tag":[1424],"class_list":{"0":"post-368","1":"product","2":"type-product","3":"status-publish","4":"has-post-thumbnail","6":"product_cat-bvlgari","7":"product_tag-femmes","9":"first","10":"instock","11":"shipping-taxable","12":"product-type-simple"},"_links":{"self":[{"href":"https:\/\/divainers.com\/de\/wp-json\/wp\/v2\/product\/368","targetHints":{"allow":["GET"]}}],"collection":[{"href":"https:\/\/divainers.com\/de\/wp-json\/wp\/v2\/product"}],"about":[{"href":"https:\/\/divainers.com\/de\/wp-json\/wp\/v2\/types\/product"}],"replies":[{"embeddable":true,"href":"https:\/\/divainers.com\/de\/wp-json\/wp\/v2\/comments?post=368"}],"wp:featuredmedia":[{"embeddable":true,"href":"https:\/\/divainers.com\/de\/wp-json\/wp\/v2\/media\/15933"}],"wp:attachment":[{"href":"https:\/\/divainers.com\/de\/wp-json\/wp\/v2\/media?parent=368"}],"wp:term":[{"taxonomy":"product_brand","embeddable":true,"href":"https:\/\/divainers.com\/de\/wp-json\/wp\/v2\/product_brand?post=368"},{"taxonomy":"product_cat","embeddable":true,"href":"https:\/\/divainers.com\/de\/wp-json\/wp\/v2\/product_cat?post=368"},{"taxonomy":"product_tag","embeddable":true,"href":"https:\/\/divainers.com\/de\/wp-json\/wp\/v2\/product_tag?post=368"}],"curies":[{"name":"wp","href":"https:\/\/api.w.org\/{rel}","templated":true}]}}