{"id":369,"date":"2025-01-31T08:31:55","date_gmt":"2025-01-31T07:31:55","guid":{"rendered":"https:\/\/divainers.com\/producto\/divain-125\/"},"modified":"2026-04-30T16:21:05","modified_gmt":"2026-04-30T14:21:05","slug":"divain-125","status":"publish","type":"product","link":"https:\/\/divainers.com\/de\/producto\/divain-125\/","title":{"rendered":"divain.125"},"content":{"rendered":"<p>Tajemn\u00e1 a sofistikovan\u00e1 v\u016fn\u011b, kter\u00e1 obklopuje smysly svou smyslnou eleganc\u00ed. Jej\u00ed sv\u011b\u017e\u00ed \u00favod s gard\u00e9ni\u00ed a zelen\u00fdmi t\u00f3ny p\u0159in\u00e1\u0161\u00ed jemnou a rafinovanou sv\u011b\u017eest. V srdci se sambac jasm\u00edn rozv\u00edj\u00ed sv\u00fdm bohat\u00fdm a obklopuj\u00edc\u00edm charakterem, zv\u00fdrazn\u011bn\u00fdm jemnost\u00ed mandle. V z\u00e1kladu pak spojen\u00ed vz\u00e1cn\u00e9ho d\u0159eva, tonka bob\u016f a l\u00e9ko\u0159ice vytv\u00e1\u0159\u00ed teplou, sv\u016fdnou a hlubokou stopu, ide\u00e1ln\u00ed pro elegantn\u00ed, tajemnou \u017eenu s neodolatelnou \u017eenskost\u00ed, kter\u00e1 zanech\u00e1v\u00e1 dojem na ka\u017ed\u00e9m kroku.<\/p>\n","protected":false},"excerpt":{"rendered":"<p>P\u0159ipom\u00edn\u00e1 Jasmin Noir od Bvlgari<\/p>\n","protected":false},"featured_media":15934,"comment_status":"open","ping_status":"closed","template":"","meta":[],"product_brand":[],"product_cat":[1926],"product_tag":[1430],"class_list":{"0":"post-369","1":"product","2":"type-product","3":"status-publish","4":"has-post-thumbnail","6":"product_cat-bvlgari","7":"product_tag-zeny","9":"first","10":"instock","11":"shipping-taxable","12":"product-type-simple"},"_links":{"self":[{"href":"https:\/\/divainers.com\/de\/wp-json\/wp\/v2\/product\/369","targetHints":{"allow":["GET"]}}],"collection":[{"href":"https:\/\/divainers.com\/de\/wp-json\/wp\/v2\/product"}],"about":[{"href":"https:\/\/divainers.com\/de\/wp-json\/wp\/v2\/types\/product"}],"replies":[{"embeddable":true,"href":"https:\/\/divainers.com\/de\/wp-json\/wp\/v2\/comments?post=369"}],"wp:featuredmedia":[{"embeddable":true,"href":"https:\/\/divainers.com\/de\/wp-json\/wp\/v2\/media\/15934"}],"wp:attachment":[{"href":"https:\/\/divainers.com\/de\/wp-json\/wp\/v2\/media?parent=369"}],"wp:term":[{"taxonomy":"product_brand","embeddable":true,"href":"https:\/\/divainers.com\/de\/wp-json\/wp\/v2\/product_brand?post=369"},{"taxonomy":"product_cat","embeddable":true,"href":"https:\/\/divainers.com\/de\/wp-json\/wp\/v2\/product_cat?post=369"},{"taxonomy":"product_tag","embeddable":true,"href":"https:\/\/divainers.com\/de\/wp-json\/wp\/v2\/product_tag?post=369"}],"curies":[{"name":"wp","href":"https:\/\/api.w.org\/{rel}","templated":true}]}}