{"id":5195,"date":"2025-11-21T09:23:56","date_gmt":"2025-11-21T08:23:56","guid":{"rendered":"https:\/\/divainers.com\/?post_type=product&#038;p=5195"},"modified":"2026-04-30T15:55:04","modified_gmt":"2026-04-30T13:55:04","slug":"divain-1078","status":"publish","type":"product","link":"https:\/\/divainers.com\/de\/producto\/divain-1078\/","title":{"rendered":"divain.1078"},"content":{"rendered":"<p>Odzvanja mladena\u010dkom, zabavnom i bezbri\u017enom vibracijom, s dozom moderne svje\u017eine koja ga \u010dini vrlo jednostavnim za no\u0161enje. Ima taj le\u017eeran, ali karakteristi\u010dan stil, savr\u0161en za svakodnevnu upotrebu i za one koji tra\u017ee ne\u0161to veselo, svijetlo i s puno osobnosti.<\/p>\n","protected":false},"excerpt":{"rendered":"<p>Podsje\u0107a na Kaos od Tous<\/p>\n","protected":false},"featured_media":15165,"comment_status":"open","ping_status":"closed","template":"","meta":[],"product_brand":[],"product_cat":[4526],"product_tag":[1428],"class_list":{"0":"post-5195","1":"product","2":"type-product","3":"status-publish","4":"has-post-thumbnail","6":"product_cat-tous","7":"product_tag-naiset","9":"first","10":"instock","11":"shipping-taxable","12":"product-type-simple"},"_links":{"self":[{"href":"https:\/\/divainers.com\/de\/wp-json\/wp\/v2\/product\/5195","targetHints":{"allow":["GET"]}}],"collection":[{"href":"https:\/\/divainers.com\/de\/wp-json\/wp\/v2\/product"}],"about":[{"href":"https:\/\/divainers.com\/de\/wp-json\/wp\/v2\/types\/product"}],"replies":[{"embeddable":true,"href":"https:\/\/divainers.com\/de\/wp-json\/wp\/v2\/comments?post=5195"}],"wp:featuredmedia":[{"embeddable":true,"href":"https:\/\/divainers.com\/de\/wp-json\/wp\/v2\/media\/15165"}],"wp:attachment":[{"href":"https:\/\/divainers.com\/de\/wp-json\/wp\/v2\/media?parent=5195"}],"wp:term":[{"taxonomy":"product_brand","embeddable":true,"href":"https:\/\/divainers.com\/de\/wp-json\/wp\/v2\/product_brand?post=5195"},{"taxonomy":"product_cat","embeddable":true,"href":"https:\/\/divainers.com\/de\/wp-json\/wp\/v2\/product_cat?post=5195"},{"taxonomy":"product_tag","embeddable":true,"href":"https:\/\/divainers.com\/de\/wp-json\/wp\/v2\/product_tag?post=5195"}],"curies":[{"name":"wp","href":"https:\/\/api.w.org\/{rel}","templated":true}]}}