{"id":5255,"date":"2026-01-21T13:45:31","date_gmt":"2026-01-21T12:45:31","guid":{"rendered":"https:\/\/divainers.com\/?post_type=product&#038;p=5255"},"modified":"2026-03-16T16:08:41","modified_gmt":"2026-03-16T15:08:41","slug":"divain-1069","status":"publish","type":"product","link":"https:\/\/divainers.com\/de\/producto\/divain-1069\/","title":{"rendered":"divain.1069"},"content":{"rendered":"<p>Evoca una frescura luminosa y rom\u00e1ntica, como un paseo junto al mar bajo el sol del verano. Su car\u00e1cter ligero y envolvente transmite alegr\u00eda, libertad y un encanto mediterr\u00e1neo irresistible, ideal para quienes buscan un aroma limpio, vital y lleno de luz.<\/p>\n","protected":false},"excerpt":{"rendered":"<p>Recuerda a Light Blue Capri In Love de Dolce &amp; Gabbana<\/p>\n","protected":false},"featured_media":5253,"comment_status":"open","ping_status":"closed","template":"","meta":[],"product_brand":[],"product_cat":[1501],"product_tag":[],"class_list":{"0":"post-5255","1":"product","2":"type-product","3":"status-publish","4":"has-post-thumbnail","6":"product_cat-dolce-gabbana","8":"first","9":"instock","10":"shipping-taxable","11":"product-type-simple"},"_links":{"self":[{"href":"https:\/\/divainers.com\/de\/wp-json\/wp\/v2\/product\/5255","targetHints":{"allow":["GET"]}}],"collection":[{"href":"https:\/\/divainers.com\/de\/wp-json\/wp\/v2\/product"}],"about":[{"href":"https:\/\/divainers.com\/de\/wp-json\/wp\/v2\/types\/product"}],"replies":[{"embeddable":true,"href":"https:\/\/divainers.com\/de\/wp-json\/wp\/v2\/comments?post=5255"}],"wp:featuredmedia":[{"embeddable":true,"href":"https:\/\/divainers.com\/de\/wp-json\/wp\/v2\/media\/5253"}],"wp:attachment":[{"href":"https:\/\/divainers.com\/de\/wp-json\/wp\/v2\/media?parent=5255"}],"wp:term":[{"taxonomy":"product_brand","embeddable":true,"href":"https:\/\/divainers.com\/de\/wp-json\/wp\/v2\/product_brand?post=5255"},{"taxonomy":"product_cat","embeddable":true,"href":"https:\/\/divainers.com\/de\/wp-json\/wp\/v2\/product_cat?post=5255"},{"taxonomy":"product_tag","embeddable":true,"href":"https:\/\/divainers.com\/de\/wp-json\/wp\/v2\/product_tag?post=5255"}],"curies":[{"name":"wp","href":"https:\/\/api.w.org\/{rel}","templated":true}]}}