{"id":533,"date":"2025-01-31T08:32:15","date_gmt":"2025-01-31T07:32:15","guid":{"rendered":"https:\/\/divainers.com\/producto\/divain-730\/"},"modified":"2026-03-16T16:07:29","modified_gmt":"2026-03-16T15:07:29","slug":"divain-730","status":"publish","type":"product","link":"https:\/\/divainers.com\/de\/producto\/divain-730\/","title":{"rendered":"divain.730"},"content":{"rendered":"<p>Es una fragancia c\u00e1lida, ex\u00f3tica y envolvente que captura la esencia de un paisaje des\u00e9rtico. La composici\u00f3n inicia con notas frescas y verdes de mandarina, eneldo y flor de azafr\u00e1n, dando paso a un coraz\u00f3n floral y especiado con rosa, lirio de los valles y maderas. Su base es profundamente ambarina, con una mezcla de vainilla, s\u00e1ndalo y almizcle que le aporta una calidez sensual. Es una fragancia sofisticada y profunda, ideal para quienes buscan un perfume que evoque una sensaci\u00f3n de tranquilidad, naturaleza y misterio.<\/p>\n","protected":false},"excerpt":{"rendered":"<p>Recuerda a Dune Pour Femme de Dior<\/p>\n","protected":false},"featured_media":3043,"comment_status":"open","ping_status":"closed","template":"","meta":[],"product_brand":[],"product_cat":[2395],"product_tag":[1428],"class_list":{"0":"post-533","1":"product","2":"type-product","3":"status-publish","4":"has-post-thumbnail","6":"product_cat-dior","7":"product_tag-naiset","9":"first","10":"instock","11":"shipping-taxable","12":"product-type-simple"},"_links":{"self":[{"href":"https:\/\/divainers.com\/de\/wp-json\/wp\/v2\/product\/533","targetHints":{"allow":["GET"]}}],"collection":[{"href":"https:\/\/divainers.com\/de\/wp-json\/wp\/v2\/product"}],"about":[{"href":"https:\/\/divainers.com\/de\/wp-json\/wp\/v2\/types\/product"}],"replies":[{"embeddable":true,"href":"https:\/\/divainers.com\/de\/wp-json\/wp\/v2\/comments?post=533"}],"wp:featuredmedia":[{"embeddable":true,"href":"https:\/\/divainers.com\/de\/wp-json\/wp\/v2\/media\/3043"}],"wp:attachment":[{"href":"https:\/\/divainers.com\/de\/wp-json\/wp\/v2\/media?parent=533"}],"wp:term":[{"taxonomy":"product_brand","embeddable":true,"href":"https:\/\/divainers.com\/de\/wp-json\/wp\/v2\/product_brand?post=533"},{"taxonomy":"product_cat","embeddable":true,"href":"https:\/\/divainers.com\/de\/wp-json\/wp\/v2\/product_cat?post=533"},{"taxonomy":"product_tag","embeddable":true,"href":"https:\/\/divainers.com\/de\/wp-json\/wp\/v2\/product_tag?post=533"}],"curies":[{"name":"wp","href":"https:\/\/api.w.org\/{rel}","templated":true}]}}