{"id":540,"date":"2025-01-31T08:32:16","date_gmt":"2025-01-31T07:32:16","guid":{"rendered":"https:\/\/divainers.com\/producto\/divain-368\/"},"modified":"2026-03-16T16:07:30","modified_gmt":"2026-03-16T15:07:30","slug":"divain-368","status":"publish","type":"product","link":"https:\/\/divainers.com\/de\/producto\/divain-368\/","title":{"rendered":"divain.368"},"content":{"rendered":"<p>Una composici\u00f3n serena y contemplativa inspirada en la tradici\u00f3n del incienso japon\u00e9s. Sus notas combinan cipr\u00e9s, vetiver y especias, creando una atm\u00f3sfera ahumada, amaderada y ligeramente terrosa. Transmite una sensaci\u00f3n de calma, profundidad y conexi\u00f3n con la naturaleza, ideal para quienes buscan una fragancia elegante y espiritual.<\/p>\n","protected":false},"excerpt":{"rendered":"<p>Recuerda a Kyoto de Diptyque<\/p>\n","protected":false},"featured_media":3389,"comment_status":"open","ping_status":"closed","template":"","meta":[],"product_brand":[],"product_cat":[280],"product_tag":[29],"class_list":{"0":"post-540","1":"product","2":"type-product","3":"status-publish","4":"has-post-thumbnail","6":"product_cat-diptyque","7":"product_tag-unisex","9":"first","10":"instock","11":"shipping-taxable","12":"product-type-simple"},"_links":{"self":[{"href":"https:\/\/divainers.com\/de\/wp-json\/wp\/v2\/product\/540","targetHints":{"allow":["GET"]}}],"collection":[{"href":"https:\/\/divainers.com\/de\/wp-json\/wp\/v2\/product"}],"about":[{"href":"https:\/\/divainers.com\/de\/wp-json\/wp\/v2\/types\/product"}],"replies":[{"embeddable":true,"href":"https:\/\/divainers.com\/de\/wp-json\/wp\/v2\/comments?post=540"}],"wp:featuredmedia":[{"embeddable":true,"href":"https:\/\/divainers.com\/de\/wp-json\/wp\/v2\/media\/3389"}],"wp:attachment":[{"href":"https:\/\/divainers.com\/de\/wp-json\/wp\/v2\/media?parent=540"}],"wp:term":[{"taxonomy":"product_brand","embeddable":true,"href":"https:\/\/divainers.com\/de\/wp-json\/wp\/v2\/product_brand?post=540"},{"taxonomy":"product_cat","embeddable":true,"href":"https:\/\/divainers.com\/de\/wp-json\/wp\/v2\/product_cat?post=540"},{"taxonomy":"product_tag","embeddable":true,"href":"https:\/\/divainers.com\/de\/wp-json\/wp\/v2\/product_tag?post=540"}],"curies":[{"name":"wp","href":"https:\/\/api.w.org\/{rel}","templated":true}]}}