{"id":583,"date":"2025-01-31T08:32:20","date_gmt":"2025-01-31T07:32:20","guid":{"rendered":"https:\/\/divainers.com\/producto\/divain-098\/"},"modified":"2026-03-16T16:07:33","modified_gmt":"2026-03-16T15:07:33","slug":"divain-098","status":"publish","type":"product","link":"https:\/\/divainers.com\/de\/producto\/divain-098\/","title":{"rendered":"divain.098"},"content":{"rendered":"<p>Un aroma sofisticado y envolvente que combina calidez y sensualidad en una fragancia atemporal. Su apertura vibrante de neroli, mandarina y albahaca aporta una frescura especiada y luminosa. En el coraz\u00f3n, la combinaci\u00f3n de jazm\u00edn, azucena y flor de azahar envuelve la fragancia en una feminidad elegante e intensa. En el fondo, el s\u00e1ndalo, la vainilla y el almizcle crean una estela c\u00e1lida y adictiva, perfecta para la mujer apasionada, segura de s\u00ed misma y con un estilo inconfundible.<\/p>\n","protected":false},"excerpt":{"rendered":"<p>Recuerda a Dolce &amp; Gabanna de Dolce &amp; Gabbana<\/p>\n","protected":false},"featured_media":3602,"comment_status":"open","ping_status":"closed","template":"","meta":[],"product_brand":[],"product_cat":[1489],"product_tag":[1424],"class_list":{"0":"post-583","1":"product","2":"type-product","3":"status-publish","4":"has-post-thumbnail","6":"product_cat-dolce-gabbana","7":"product_tag-femmes","9":"first","10":"instock","11":"shipping-taxable","12":"product-type-simple"},"_links":{"self":[{"href":"https:\/\/divainers.com\/de\/wp-json\/wp\/v2\/product\/583","targetHints":{"allow":["GET"]}}],"collection":[{"href":"https:\/\/divainers.com\/de\/wp-json\/wp\/v2\/product"}],"about":[{"href":"https:\/\/divainers.com\/de\/wp-json\/wp\/v2\/types\/product"}],"replies":[{"embeddable":true,"href":"https:\/\/divainers.com\/de\/wp-json\/wp\/v2\/comments?post=583"}],"wp:featuredmedia":[{"embeddable":true,"href":"https:\/\/divainers.com\/de\/wp-json\/wp\/v2\/media\/3602"}],"wp:attachment":[{"href":"https:\/\/divainers.com\/de\/wp-json\/wp\/v2\/media?parent=583"}],"wp:term":[{"taxonomy":"product_brand","embeddable":true,"href":"https:\/\/divainers.com\/de\/wp-json\/wp\/v2\/product_brand?post=583"},{"taxonomy":"product_cat","embeddable":true,"href":"https:\/\/divainers.com\/de\/wp-json\/wp\/v2\/product_cat?post=583"},{"taxonomy":"product_tag","embeddable":true,"href":"https:\/\/divainers.com\/de\/wp-json\/wp\/v2\/product_tag?post=583"}],"curies":[{"name":"wp","href":"https:\/\/api.w.org\/{rel}","templated":true}]}}