{"id":6968,"date":"2025-01-31T08:31:48","date_gmt":"2025-01-31T07:31:48","guid":{"rendered":"https:\/\/divainers.com\/producto\/divain-205\/"},"modified":"2026-03-26T14:15:49","modified_gmt":"2026-03-26T13:15:49","slug":"divain-205","status":"publish","type":"product","link":"https:\/\/divainers.com\/de\/producto\/divain-205\/","title":{"rendered":"Divain.205"},"content":{"rendered":"<p><span data-sheets-root=\"1\">Ein lebendiger und magnetischer Duft, der mit jeder Note Selbstvertrauen und Jugend ausstrahlt. Sein frischer und anregender Einstieg mischt Zitrone, Orange und Kardamom und erzeugt eine zitrusartige Explosion voller Energie. Im Herzen verleihen Lavendel und Rosmarin einen klaren und maskulinen aromatischen Akzent, w\u00e4hrend die holzige Basis aus Moschus, Vetiver und Eichenmoos Tiefe und Sinnlichkeit verleiht. Perfekt f\u00fcr alle, die einen frischen, gewagten und verf\u00fchrerischen Duft suchen, ideal f\u00fcr den t\u00e4glichen Gebrauch oder um einen unvergesslichen Eindruck zu hinterlassen.   <\/span><\/p>\n","protected":false},"excerpt":{"rendered":"<p>Erinnern Sie sich an Fierce von Abercrombie &amp; Fitch<\/p>\n","protected":false},"featured_media":3374,"comment_status":"open","ping_status":"closed","template":"","meta":[],"product_brand":[],"product_cat":[1320],"product_tag":[1335],"class_list":{"0":"post-6968","1":"product","2":"type-product","3":"status-publish","4":"has-post-thumbnail","6":"product_cat-abercrombie-fitch","7":"product_tag-uomo","9":"first","10":"instock","11":"shipping-taxable","12":"product-type-simple"},"_links":{"self":[{"href":"https:\/\/divainers.com\/de\/wp-json\/wp\/v2\/product\/6968","targetHints":{"allow":["GET"]}}],"collection":[{"href":"https:\/\/divainers.com\/de\/wp-json\/wp\/v2\/product"}],"about":[{"href":"https:\/\/divainers.com\/de\/wp-json\/wp\/v2\/types\/product"}],"replies":[{"embeddable":true,"href":"https:\/\/divainers.com\/de\/wp-json\/wp\/v2\/comments?post=6968"}],"wp:featuredmedia":[{"embeddable":true,"href":"https:\/\/divainers.com\/de\/wp-json\/wp\/v2\/media\/3374"}],"wp:attachment":[{"href":"https:\/\/divainers.com\/de\/wp-json\/wp\/v2\/media?parent=6968"}],"wp:term":[{"taxonomy":"product_brand","embeddable":true,"href":"https:\/\/divainers.com\/de\/wp-json\/wp\/v2\/product_brand?post=6968"},{"taxonomy":"product_cat","embeddable":true,"href":"https:\/\/divainers.com\/de\/wp-json\/wp\/v2\/product_cat?post=6968"},{"taxonomy":"product_tag","embeddable":true,"href":"https:\/\/divainers.com\/de\/wp-json\/wp\/v2\/product_tag?post=6968"}],"curies":[{"name":"wp","href":"https:\/\/api.w.org\/{rel}","templated":true}]}}