{"id":6988,"date":"2025-01-31T08:31:48","date_gmt":"2025-01-31T07:31:48","guid":{"rendered":"https:\/\/divainers.com\/producto\/divain-320\/"},"modified":"2026-04-30T09:42:49","modified_gmt":"2026-04-30T07:42:49","slug":"divain-320","status":"publish","type":"product","link":"https:\/\/divainers.com\/de\/producto\/divain-320\/","title":{"rendered":"Divain.320"},"content":{"rendered":"<p>Ein lebendiger und maskuliner Duft mit einem frischen und fruchtigen Auftakt dank Bergamotte und gr\u00fcnem Apfel, kombiniert mit einer w\u00fcrzigen Note von Kardamom. Im Herzen verleihen aromatische Noten von Lavendel und Rosmarin einen klaren und modernen Charakter, w\u00e4hrend die Basis mit Amber, Tonkabohne und tiefen Holznoten w\u00e4rmer und umh\u00fcllender wird und so einen ausgewogenen Duft zwischen Frische und Sinnlichkeit schafft \u2013 ideal f\u00fcr den Alltag.<\/p>\n","protected":false},"excerpt":{"rendered":"<p>Erinnert an First Instinct Blue von Abercrombie &#038; Fitch<\/p>\n","protected":false},"featured_media":6993,"comment_status":"open","ping_status":"closed","template":"","meta":[],"product_brand":[],"product_cat":[1320],"product_tag":[1345],"class_list":{"0":"post-6988","1":"product","2":"type-product","3":"status-publish","4":"has-post-thumbnail","6":"product_cat-abercrombie-fitch","7":"product_tag-manner","9":"first","10":"instock","11":"shipping-taxable","12":"product-type-simple"},"_links":{"self":[{"href":"https:\/\/divainers.com\/de\/wp-json\/wp\/v2\/product\/6988","targetHints":{"allow":["GET"]}}],"collection":[{"href":"https:\/\/divainers.com\/de\/wp-json\/wp\/v2\/product"}],"about":[{"href":"https:\/\/divainers.com\/de\/wp-json\/wp\/v2\/types\/product"}],"replies":[{"embeddable":true,"href":"https:\/\/divainers.com\/de\/wp-json\/wp\/v2\/comments?post=6988"}],"wp:featuredmedia":[{"embeddable":true,"href":"https:\/\/divainers.com\/de\/wp-json\/wp\/v2\/media\/6993"}],"wp:attachment":[{"href":"https:\/\/divainers.com\/de\/wp-json\/wp\/v2\/media?parent=6988"}],"wp:term":[{"taxonomy":"product_brand","embeddable":true,"href":"https:\/\/divainers.com\/de\/wp-json\/wp\/v2\/product_brand?post=6988"},{"taxonomy":"product_cat","embeddable":true,"href":"https:\/\/divainers.com\/de\/wp-json\/wp\/v2\/product_cat?post=6988"},{"taxonomy":"product_tag","embeddable":true,"href":"https:\/\/divainers.com\/de\/wp-json\/wp\/v2\/product_tag?post=6988"}],"curies":[{"name":"wp","href":"https:\/\/api.w.org\/{rel}","templated":true}]}}