{"id":7086,"date":"2025-01-31T08:31:49","date_gmt":"2025-01-31T07:31:49","guid":{"rendered":"https:\/\/divainers.com\/producto\/divain-281\/"},"modified":"2026-04-30T09:43:19","modified_gmt":"2026-04-30T07:43:19","slug":"divain-281","status":"publish","type":"product","link":"https:\/\/divainers.com\/de\/producto\/divain-281\/","title":{"rendered":"Divain.281"},"content":{"rendered":"<p>Es ist ein tiefer und raffinierter Duft, der durch seine intensive Pr\u00e4senz von Oud besticht, einem kostbaren Harz, das f\u00fcr sein warmes, erdiges und holziges Aroma bekannt ist. Der Duft er\u00f6ffnet mit frischen und w\u00fcrzigen Noten, erg\u00e4nzt durch den starken Charakter von Oud, der sich mit einer Note von Rose und Safranbl\u00fcte im Herzen verbindet. In der Basis finden sich Noten von Leder, Zedernholz und Moschus, die eine warme und umh\u00fcllende Grundlage schaffen. Ein Parfum, das Luxus, Eleganz und Exklusivit\u00e4t verk\u00f6rpert, ideal f\u00fcr besondere Anl\u00e4sse und f\u00fcr diejenigen, die einen unverwechselbaren und langanhaltenden Duft suchen.<\/p>\n","protected":false},"excerpt":{"rendered":"<p>Erinnert an Oud von Acqua di Parma<\/p>\n","protected":false},"featured_media":7088,"comment_status":"open","ping_status":"closed","template":"","meta":[],"product_brand":[],"product_cat":[1396],"product_tag":[1345],"class_list":{"0":"post-7086","1":"product","2":"type-product","3":"status-publish","4":"has-post-thumbnail","6":"product_cat-acqua-di-parma","7":"product_tag-manner","9":"first","10":"instock","11":"shipping-taxable","12":"product-type-simple"},"_links":{"self":[{"href":"https:\/\/divainers.com\/de\/wp-json\/wp\/v2\/product\/7086","targetHints":{"allow":["GET"]}}],"collection":[{"href":"https:\/\/divainers.com\/de\/wp-json\/wp\/v2\/product"}],"about":[{"href":"https:\/\/divainers.com\/de\/wp-json\/wp\/v2\/types\/product"}],"replies":[{"embeddable":true,"href":"https:\/\/divainers.com\/de\/wp-json\/wp\/v2\/comments?post=7086"}],"wp:featuredmedia":[{"embeddable":true,"href":"https:\/\/divainers.com\/de\/wp-json\/wp\/v2\/media\/7088"}],"wp:attachment":[{"href":"https:\/\/divainers.com\/de\/wp-json\/wp\/v2\/media?parent=7086"}],"wp:term":[{"taxonomy":"product_brand","embeddable":true,"href":"https:\/\/divainers.com\/de\/wp-json\/wp\/v2\/product_brand?post=7086"},{"taxonomy":"product_cat","embeddable":true,"href":"https:\/\/divainers.com\/de\/wp-json\/wp\/v2\/product_cat?post=7086"},{"taxonomy":"product_tag","embeddable":true,"href":"https:\/\/divainers.com\/de\/wp-json\/wp\/v2\/product_tag?post=7086"}],"curies":[{"name":"wp","href":"https:\/\/api.w.org\/{rel}","templated":true}]}}