{"id":7098,"date":"2025-01-31T08:31:49","date_gmt":"2025-01-31T07:31:49","guid":{"rendered":"https:\/\/divainers.com\/producto\/divain-770\/"},"modified":"2026-04-30T09:43:22","modified_gmt":"2026-04-30T07:43:22","slug":"divain-770","status":"publish","type":"product","link":"https:\/\/divainers.com\/de\/producto\/divain-770\/","title":{"rendered":"Divain.770"},"content":{"rendered":"<p>Dieser Unisex-Duft er\u00f6ffnet mit einer Kombination aus zitrischen und w\u00fcrzigen Noten, bei denen die Bergamotte aus Kalabrien und die gelbe Mandarine Frische verleihen, w\u00e4hrend rosa Pfeffer eine subtile und faszinierende Note hinzuf\u00fcgt. Im Herzen verweben sich Kirschbl\u00fcte und Sambac-Jasmin und rufen die Ruhe und Sch\u00f6nheit japanischer bl\u00fchender G\u00e4rten hervor. Die Moschusbasis bietet eine warme und sinnliche Sanftheit, die das olfaktorische Erlebnis auf der Haut verl\u00e4ngert. Dieser Duft f\u00e4ngt die Essenz des japanischen Fr\u00fchlings ein und schenkt bei jeder Anwendung ein Gef\u00fchl von Frische und Eleganz.<\/p>\n","protected":false},"excerpt":{"rendered":"<p>Erinnert an Sakura EDP von Acqua di Parma<\/p>\n","protected":false},"featured_media":7100,"comment_status":"open","ping_status":"closed","template":"","meta":[],"product_brand":[],"product_cat":[1380],"product_tag":[1382],"class_list":{"0":"post-7098","1":"product","2":"type-product","3":"status-publish","4":"has-post-thumbnail","6":"product_cat-acqua-di-parma","7":"product_tag-unisex","9":"first","10":"instock","11":"shipping-taxable","12":"product-type-simple"},"_links":{"self":[{"href":"https:\/\/divainers.com\/de\/wp-json\/wp\/v2\/product\/7098","targetHints":{"allow":["GET"]}}],"collection":[{"href":"https:\/\/divainers.com\/de\/wp-json\/wp\/v2\/product"}],"about":[{"href":"https:\/\/divainers.com\/de\/wp-json\/wp\/v2\/types\/product"}],"replies":[{"embeddable":true,"href":"https:\/\/divainers.com\/de\/wp-json\/wp\/v2\/comments?post=7098"}],"wp:featuredmedia":[{"embeddable":true,"href":"https:\/\/divainers.com\/de\/wp-json\/wp\/v2\/media\/7100"}],"wp:attachment":[{"href":"https:\/\/divainers.com\/de\/wp-json\/wp\/v2\/media?parent=7098"}],"wp:term":[{"taxonomy":"product_brand","embeddable":true,"href":"https:\/\/divainers.com\/de\/wp-json\/wp\/v2\/product_brand?post=7098"},{"taxonomy":"product_cat","embeddable":true,"href":"https:\/\/divainers.com\/de\/wp-json\/wp\/v2\/product_cat?post=7098"},{"taxonomy":"product_tag","embeddable":true,"href":"https:\/\/divainers.com\/de\/wp-json\/wp\/v2\/product_tag?post=7098"}],"curies":[{"name":"wp","href":"https:\/\/api.w.org\/{rel}","templated":true}]}}