{"id":7119,"date":"2025-01-31T08:31:49","date_gmt":"2025-01-31T07:31:49","guid":{"rendered":"https:\/\/divainers.com\/producto\/divain-443\/"},"modified":"2026-04-30T09:43:29","modified_gmt":"2026-04-30T07:43:29","slug":"divain-443","status":"publish","type":"product","link":"https:\/\/divainers.com\/de\/producto\/divain-443\/","title":{"rendered":"Divain.443"},"content":{"rendered":"<p>Ein frischer und leuchtender Duft, der an die Brise des Mittelmeers erinnert, wo die Sonne die Haut streichelt und das Meer am Horizont fl\u00fcstert. Vom ersten Moment an wecken die Vitalit\u00e4t des Myrtenstrauchs und die Spritzigkeit italienischer Zitrusfr\u00fcchte die Sinne mit strahlender Energie. Im Herzen verleihen Wacholder und florale Noten eine aromatische und raffinierte Note, die die Natur in ihrer sch\u00f6nsten Form heraufbeschw\u00f6rt. Schlie\u00dflich hinterl\u00e4sst eine bernstein- und moschusartige Basis eine sanfte, umh\u00fcllende und elegante Spur. Ein belebendes und anspruchsvolles Parfum, ideal f\u00fcr alle, die Frische, Gelassenheit und eine mediterrane Flucht suchen.<\/p>\n","protected":false},"excerpt":{"rendered":"<p>Erinnert an Blue Mediterraneo Mirto di Panarea von Acqua Di Parma<\/p>\n","protected":false},"featured_media":7122,"comment_status":"open","ping_status":"closed","template":"","meta":[],"product_brand":[],"product_cat":[1376],"product_tag":[1377],"class_list":{"0":"post-7119","1":"product","2":"type-product","3":"status-publish","4":"has-post-thumbnail","6":"product_cat-acqua-di-parma","7":"product_tag-uniseks","9":"first","10":"instock","11":"shipping-taxable","12":"product-type-simple"},"_links":{"self":[{"href":"https:\/\/divainers.com\/de\/wp-json\/wp\/v2\/product\/7119","targetHints":{"allow":["GET"]}}],"collection":[{"href":"https:\/\/divainers.com\/de\/wp-json\/wp\/v2\/product"}],"about":[{"href":"https:\/\/divainers.com\/de\/wp-json\/wp\/v2\/types\/product"}],"replies":[{"embeddable":true,"href":"https:\/\/divainers.com\/de\/wp-json\/wp\/v2\/comments?post=7119"}],"wp:featuredmedia":[{"embeddable":true,"href":"https:\/\/divainers.com\/de\/wp-json\/wp\/v2\/media\/7122"}],"wp:attachment":[{"href":"https:\/\/divainers.com\/de\/wp-json\/wp\/v2\/media?parent=7119"}],"wp:term":[{"taxonomy":"product_brand","embeddable":true,"href":"https:\/\/divainers.com\/de\/wp-json\/wp\/v2\/product_brand?post=7119"},{"taxonomy":"product_cat","embeddable":true,"href":"https:\/\/divainers.com\/de\/wp-json\/wp\/v2\/product_cat?post=7119"},{"taxonomy":"product_tag","embeddable":true,"href":"https:\/\/divainers.com\/de\/wp-json\/wp\/v2\/product_tag?post=7119"}],"curies":[{"name":"wp","href":"https:\/\/api.w.org\/{rel}","templated":true}]}}