{"id":7132,"date":"2025-01-31T08:31:49","date_gmt":"2025-01-31T07:31:49","guid":{"rendered":"https:\/\/divainers.com\/producto\/divain-318\/"},"modified":"2026-04-30T09:43:34","modified_gmt":"2026-04-30T07:43:34","slug":"divain-318","status":"publish","type":"product","link":"https:\/\/divainers.com\/de\/producto\/divain-318\/","title":{"rendered":"Divain.318"},"content":{"rendered":"<p>Ein intensiver und raffinierter Duft, der die Tiefe von Oud mit der Eleganz italienischer Zitrusfr\u00fcchte verbindet. Die frische und leuchtende Er\u00f6ffnung f\u00fchrt zu einem w\u00fcrzigen, holzigen Herzen, in dem sich Oud mit balsamischen und warmen Noten vereint. Die Basis ist reichhaltig und umh\u00fcllend, mit Akzenten von Leder und Harzen, die ein Gef\u00fchl von veredeltem Luxus vermitteln. Perfekt f\u00fcr alle, die einen charaktervollen und anspruchsvollen Duft suchen.<\/p>\n","protected":false},"excerpt":{"rendered":"<p>Erinnert an Oud Eau de Cologne Concentr\u00e9e de Acqua di Parma<\/p>\n","protected":false},"featured_media":7135,"comment_status":"open","ping_status":"closed","template":"","meta":[],"product_brand":[],"product_cat":[1396],"product_tag":[1345],"class_list":{"0":"post-7132","1":"product","2":"type-product","3":"status-publish","4":"has-post-thumbnail","6":"product_cat-acqua-di-parma","7":"product_tag-manner","9":"first","10":"instock","11":"shipping-taxable","12":"product-type-simple"},"_links":{"self":[{"href":"https:\/\/divainers.com\/de\/wp-json\/wp\/v2\/product\/7132","targetHints":{"allow":["GET"]}}],"collection":[{"href":"https:\/\/divainers.com\/de\/wp-json\/wp\/v2\/product"}],"about":[{"href":"https:\/\/divainers.com\/de\/wp-json\/wp\/v2\/types\/product"}],"replies":[{"embeddable":true,"href":"https:\/\/divainers.com\/de\/wp-json\/wp\/v2\/comments?post=7132"}],"wp:featuredmedia":[{"embeddable":true,"href":"https:\/\/divainers.com\/de\/wp-json\/wp\/v2\/media\/7135"}],"wp:attachment":[{"href":"https:\/\/divainers.com\/de\/wp-json\/wp\/v2\/media?parent=7132"}],"wp:term":[{"taxonomy":"product_brand","embeddable":true,"href":"https:\/\/divainers.com\/de\/wp-json\/wp\/v2\/product_brand?post=7132"},{"taxonomy":"product_cat","embeddable":true,"href":"https:\/\/divainers.com\/de\/wp-json\/wp\/v2\/product_cat?post=7132"},{"taxonomy":"product_tag","embeddable":true,"href":"https:\/\/divainers.com\/de\/wp-json\/wp\/v2\/product_tag?post=7132"}],"curies":[{"name":"wp","href":"https:\/\/api.w.org\/{rel}","templated":true}]}}