{"id":7270,"date":"2025-01-31T08:31:50","date_gmt":"2025-01-31T07:31:50","guid":{"rendered":"https:\/\/divainers.com\/producto\/divain-086\/"},"modified":"2026-04-30T09:44:13","modified_gmt":"2026-04-30T07:44:13","slug":"divain-086","status":"publish","type":"product","link":"https:\/\/divainers.com\/de\/producto\/divain-086\/","title":{"rendered":"divain.086"},"content":{"rendered":"<p>Ein zarter und zeitloser Duft, der die Frische und nat\u00fcrliche Eleganz von Rosen in ihrer sch\u00f6nsten Form einf\u00e4ngt. Die leuchtende Er\u00f6ffnung mit Zitrusfr\u00fcchten und gr\u00fcnen Bl\u00e4ttern verleiht ein belebendes und leichtes Gef\u00fchl. Im Herzen umh\u00fcllen bulgarische Rose und Maigl\u00f6ckchen die Duftkomposition mit reiner und raffinierter Weiblichkeit. Im Fond schaffen Moschus und Sandelholz eine sanfte und umh\u00fcllende Spur, perfekt f\u00fcr die romantische, ruhige Frau mit nat\u00fcrlichem Charme, die einen bleibenden Eindruck hinterl\u00e4sst.<\/p>\n","protected":false},"excerpt":{"rendered":"<p>Erinnert an Agua fresca de rosas de Adolfo Dominguez<\/p>\n","protected":false},"featured_media":7273,"comment_status":"open","ping_status":"closed","template":"","meta":[],"product_brand":[],"product_cat":[1419],"product_tag":[1420],"class_list":{"0":"post-7270","1":"product","2":"type-product","3":"status-publish","4":"has-post-thumbnail","6":"product_cat-adolfo-dominguez","7":"product_tag-frauen","9":"first","10":"instock","11":"shipping-taxable","12":"product-type-simple"},"_links":{"self":[{"href":"https:\/\/divainers.com\/de\/wp-json\/wp\/v2\/product\/7270","targetHints":{"allow":["GET"]}}],"collection":[{"href":"https:\/\/divainers.com\/de\/wp-json\/wp\/v2\/product"}],"about":[{"href":"https:\/\/divainers.com\/de\/wp-json\/wp\/v2\/types\/product"}],"replies":[{"embeddable":true,"href":"https:\/\/divainers.com\/de\/wp-json\/wp\/v2\/comments?post=7270"}],"wp:featuredmedia":[{"embeddable":true,"href":"https:\/\/divainers.com\/de\/wp-json\/wp\/v2\/media\/7273"}],"wp:attachment":[{"href":"https:\/\/divainers.com\/de\/wp-json\/wp\/v2\/media?parent=7270"}],"wp:term":[{"taxonomy":"product_brand","embeddable":true,"href":"https:\/\/divainers.com\/de\/wp-json\/wp\/v2\/product_brand?post=7270"},{"taxonomy":"product_cat","embeddable":true,"href":"https:\/\/divainers.com\/de\/wp-json\/wp\/v2\/product_cat?post=7270"},{"taxonomy":"product_tag","embeddable":true,"href":"https:\/\/divainers.com\/de\/wp-json\/wp\/v2\/product_tag?post=7270"}],"curies":[{"name":"wp","href":"https:\/\/api.w.org\/{rel}","templated":true}]}}