{"id":7294,"date":"2025-01-31T08:31:50","date_gmt":"2025-01-31T07:31:50","guid":{"rendered":"https:\/\/divainers.com\/producto\/divain-049\/"},"modified":"2026-04-30T09:44:33","modified_gmt":"2026-04-30T07:44:33","slug":"divain-049","status":"publish","type":"product","link":"https:\/\/divainers.com\/de\/producto\/divain-049\/","title":{"rendered":"Divain.049"},"content":{"rendered":"<p>Ein frischer und nat\u00fcrlicher Duft, der die Ruhe und Balance der Natur heraufbeschw\u00f6rt. Die lebendige Er\u00f6ffnung mit Zitrusfr\u00fcchten und gr\u00fcnen Noten vermittelt ein leichtes und belebendes Gef\u00fchl, w\u00e4hrend ein aromatisches Herz aus Bambus und sanften Gew\u00fcrzen eine exotische und raffinierte Note hinzuf\u00fcgt. Im Fond schaffen Zeder, Bernstein und Moschus eine warme und umh\u00fcllende Spur, perfekt f\u00fcr den Mann, der Frische, Eleganz und Harmonie im Alltag sucht.<\/p>\n","protected":false},"excerpt":{"rendered":"<p>Erinnert an Bamb\u00fa von Adolfo Dominguez<\/p>\n","protected":false},"featured_media":7297,"comment_status":"open","ping_status":"closed","template":"","meta":[],"product_brand":[],"product_cat":[1419],"product_tag":[1345],"class_list":{"0":"post-7294","1":"product","2":"type-product","3":"status-publish","4":"has-post-thumbnail","6":"product_cat-adolfo-dominguez","7":"product_tag-manner","9":"first","10":"instock","11":"shipping-taxable","12":"product-type-simple"},"_links":{"self":[{"href":"https:\/\/divainers.com\/de\/wp-json\/wp\/v2\/product\/7294","targetHints":{"allow":["GET"]}}],"collection":[{"href":"https:\/\/divainers.com\/de\/wp-json\/wp\/v2\/product"}],"about":[{"href":"https:\/\/divainers.com\/de\/wp-json\/wp\/v2\/types\/product"}],"replies":[{"embeddable":true,"href":"https:\/\/divainers.com\/de\/wp-json\/wp\/v2\/comments?post=7294"}],"wp:featuredmedia":[{"embeddable":true,"href":"https:\/\/divainers.com\/de\/wp-json\/wp\/v2\/media\/7297"}],"wp:attachment":[{"href":"https:\/\/divainers.com\/de\/wp-json\/wp\/v2\/media?parent=7294"}],"wp:term":[{"taxonomy":"product_brand","embeddable":true,"href":"https:\/\/divainers.com\/de\/wp-json\/wp\/v2\/product_brand?post=7294"},{"taxonomy":"product_cat","embeddable":true,"href":"https:\/\/divainers.com\/de\/wp-json\/wp\/v2\/product_cat?post=7294"},{"taxonomy":"product_tag","embeddable":true,"href":"https:\/\/divainers.com\/de\/wp-json\/wp\/v2\/product_tag?post=7294"}],"curies":[{"name":"wp","href":"https:\/\/api.w.org\/{rel}","templated":true}]}}