{"id":740,"date":"2025-01-31T08:32:41","date_gmt":"2025-01-31T07:32:41","guid":{"rendered":"https:\/\/divainers.com\/producto\/divain-226\/"},"modified":"2026-04-30T15:59:00","modified_gmt":"2026-04-30T13:59:00","slug":"divain-226","status":"publish","type":"product","link":"https:\/\/divainers.com\/de\/producto\/divain-226\/","title":{"rendered":"divain.226"},"content":{"rendered":"<p>Odva\u017ean i sofisticiran miris koji redefinira mu\u017eevnost s modernim i hrabrim dodirom. Otvaranje je svje\u017ee i energi\u010dno, s notama mente i lavande koje se savr\u0161eno sla\u017eu s toplim za\u010dinom kardamoma, stvaraju\u0107i \u017eivahni i dinami\u010dni dojam. U srcu se otkriva senzualna meko\u0107a s cvjetnim notama cvijeta naran\u010de, dok drvenasta baza sandalovine i vanilije pru\u017ea duboku i obavijaju\u0107u podlogu. Zavr\u0161ni dodir mo\u0161usa donosi jedinstvenu senzualnost, ostavljaju\u0107i dugotrajan trag. Idealno za odva\u017enog, samouvjerenog i karizmati\u010dnog mu\u0161karca koji tra\u017ei intenzivan i moderan miris, savr\u0161en za ve\u010dernje izlaske i posebne prilike.<\/p>\n","protected":false},"excerpt":{"rendered":"<p>Podsje\u0107a na Le Male Ultra od Jean Paul Gaultier<\/p>\n","protected":false},"featured_media":15280,"comment_status":"open","ping_status":"closed","template":"","meta":[],"product_brand":[],"product_cat":[1291],"product_tag":[1367],"class_list":{"0":"post-740","1":"product","2":"type-product","3":"status-publish","4":"has-post-thumbnail","6":"product_cat-jean-paul-gaultier","7":"product_tag-moski","9":"first","10":"instock","11":"shipping-taxable","12":"product-type-simple"},"_links":{"self":[{"href":"https:\/\/divainers.com\/de\/wp-json\/wp\/v2\/product\/740","targetHints":{"allow":["GET"]}}],"collection":[{"href":"https:\/\/divainers.com\/de\/wp-json\/wp\/v2\/product"}],"about":[{"href":"https:\/\/divainers.com\/de\/wp-json\/wp\/v2\/types\/product"}],"replies":[{"embeddable":true,"href":"https:\/\/divainers.com\/de\/wp-json\/wp\/v2\/comments?post=740"}],"wp:featuredmedia":[{"embeddable":true,"href":"https:\/\/divainers.com\/de\/wp-json\/wp\/v2\/media\/15280"}],"wp:attachment":[{"href":"https:\/\/divainers.com\/de\/wp-json\/wp\/v2\/media?parent=740"}],"wp:term":[{"taxonomy":"product_brand","embeddable":true,"href":"https:\/\/divainers.com\/de\/wp-json\/wp\/v2\/product_brand?post=740"},{"taxonomy":"product_cat","embeddable":true,"href":"https:\/\/divainers.com\/de\/wp-json\/wp\/v2\/product_cat?post=740"},{"taxonomy":"product_tag","embeddable":true,"href":"https:\/\/divainers.com\/de\/wp-json\/wp\/v2\/product_tag?post=740"}],"curies":[{"name":"wp","href":"https:\/\/api.w.org\/{rel}","templated":true}]}}