{"id":759,"date":"2025-01-31T08:32:42","date_gmt":"2025-01-31T07:32:42","guid":{"rendered":"https:\/\/divainers.com\/producto\/divain-297\/"},"modified":"2026-03-16T16:07:48","modified_gmt":"2026-03-16T15:07:48","slug":"divain-297","status":"publish","type":"product","link":"https:\/\/divainers.com\/de\/producto\/divain-297\/","title":{"rendered":"divain.297"},"content":{"rendered":"<p>Es una fragancia fresca y aireada con un toque salino y terroso. La apertura es luminosa y vibrante, con notas c\u00edtricas y un acorde marino que evoca la brisa del oc\u00e9ano. A medida que se asienta, emergen matices amaderados y herbales, aportando calidez y profundidad. Su car\u00e1cter es limpio, natural y vers\u00e1til, ideal para quienes buscan una sensaci\u00f3n de libertad y frescura con un sutil toque terroso y elegante.<\/p>\n","protected":false},"excerpt":{"rendered":"<p>Recuerda a Wood Sage &amp; Sea Salt de Jo Malone<\/p>\n","protected":false},"featured_media":3758,"comment_status":"open","ping_status":"closed","template":"","meta":[],"product_brand":[],"product_cat":[520],"product_tag":[1410],"class_list":{"0":"post-759","1":"product","2":"type-product","3":"status-publish","4":"has-post-thumbnail","6":"product_cat-jo-malone","7":"product_tag-uniseks","9":"first","10":"instock","11":"shipping-taxable","12":"product-type-simple"},"_links":{"self":[{"href":"https:\/\/divainers.com\/de\/wp-json\/wp\/v2\/product\/759","targetHints":{"allow":["GET"]}}],"collection":[{"href":"https:\/\/divainers.com\/de\/wp-json\/wp\/v2\/product"}],"about":[{"href":"https:\/\/divainers.com\/de\/wp-json\/wp\/v2\/types\/product"}],"replies":[{"embeddable":true,"href":"https:\/\/divainers.com\/de\/wp-json\/wp\/v2\/comments?post=759"}],"wp:featuredmedia":[{"embeddable":true,"href":"https:\/\/divainers.com\/de\/wp-json\/wp\/v2\/media\/3758"}],"wp:attachment":[{"href":"https:\/\/divainers.com\/de\/wp-json\/wp\/v2\/media?parent=759"}],"wp:term":[{"taxonomy":"product_brand","embeddable":true,"href":"https:\/\/divainers.com\/de\/wp-json\/wp\/v2\/product_brand?post=759"},{"taxonomy":"product_cat","embeddable":true,"href":"https:\/\/divainers.com\/de\/wp-json\/wp\/v2\/product_cat?post=759"},{"taxonomy":"product_tag","embeddable":true,"href":"https:\/\/divainers.com\/de\/wp-json\/wp\/v2\/product_tag?post=759"}],"curies":[{"name":"wp","href":"https:\/\/api.w.org\/{rel}","templated":true}]}}