{"id":7633,"date":"2025-01-31T08:32:01","date_gmt":"2025-01-31T07:32:01","guid":{"rendered":"https:\/\/divainers.com\/producto\/divain-003\/"},"modified":"2026-04-30T09:47:06","modified_gmt":"2026-04-30T07:47:06","slug":"divain-003","status":"publish","type":"product","link":"https:\/\/divainers.com\/de\/producto\/divain-003\/","title":{"rendered":"divain.003"},"content":{"rendered":"<p>Stellen Sie sich eine sinnliche Reise vor, bei der zeitlose Eleganz auf Abenteuer trifft. Dieser Duft vereint die W\u00e4rme von Leder und Vanille mit der w\u00fcrzigen Anziehungskraft von Safran und Muskatnuss. Ein Hauch frischer Zitrusnoten verbindet sich mit einem Herzen aus edlen H\u00f6lzern und einer umh\u00fcllenden Basis aus Amber und Vetiver und schafft so ein raffiniertes, maskulines und verf\u00fchrerisches Aroma. Perfekt f\u00fcr alle, die in jedem Duft nach Unterscheidung und Charakter suchen.<\/p>\n","protected":false},"excerpt":{"rendered":"<p>Erinnert an CH Men von Carolina Herrera<\/p>\n","protected":false},"featured_media":7632,"comment_status":"open","ping_status":"closed","template":"","meta":[],"product_brand":[],"product_cat":[1529],"product_tag":[1346],"class_list":{"0":"post-7633","1":"product","2":"type-product","3":"status-publish","4":"has-post-thumbnail","6":"product_cat-carolina-herrera","7":"product_tag-men","9":"first","10":"instock","11":"shipping-taxable","12":"product-type-simple"},"_links":{"self":[{"href":"https:\/\/divainers.com\/de\/wp-json\/wp\/v2\/product\/7633","targetHints":{"allow":["GET"]}}],"collection":[{"href":"https:\/\/divainers.com\/de\/wp-json\/wp\/v2\/product"}],"about":[{"href":"https:\/\/divainers.com\/de\/wp-json\/wp\/v2\/types\/product"}],"replies":[{"embeddable":true,"href":"https:\/\/divainers.com\/de\/wp-json\/wp\/v2\/comments?post=7633"}],"wp:featuredmedia":[{"embeddable":true,"href":"https:\/\/divainers.com\/de\/wp-json\/wp\/v2\/media\/7632"}],"wp:attachment":[{"href":"https:\/\/divainers.com\/de\/wp-json\/wp\/v2\/media?parent=7633"}],"wp:term":[{"taxonomy":"product_brand","embeddable":true,"href":"https:\/\/divainers.com\/de\/wp-json\/wp\/v2\/product_brand?post=7633"},{"taxonomy":"product_cat","embeddable":true,"href":"https:\/\/divainers.com\/de\/wp-json\/wp\/v2\/product_cat?post=7633"},{"taxonomy":"product_tag","embeddable":true,"href":"https:\/\/divainers.com\/de\/wp-json\/wp\/v2\/product_tag?post=7633"}],"curies":[{"name":"wp","href":"https:\/\/api.w.org\/{rel}","templated":true}]}}