{"id":7682,"date":"2025-01-31T08:32:01","date_gmt":"2025-01-31T07:32:01","guid":{"rendered":"https:\/\/divainers.com\/producto\/divain-004\/"},"modified":"2026-04-30T09:47:20","modified_gmt":"2026-04-30T07:47:20","slug":"divain-004","status":"publish","type":"product","link":"https:\/\/divainers.com\/de\/producto\/divain-004\/","title":{"rendered":"divain.004"},"content":{"rendered":"<p>Eine Explosion von Frische und Dynamik, die die lebendige Energie der Stadt heraufbeschw\u00f6rt. Dieser Duft vereint belebende Zitrusnoten mit einem w\u00fcrzigen Herzen aus Pfeffer und Ingwer und schafft so einen raffinierten und modernen Kontrast. Seine holzige Basis mit Nuancen von Moschus und Sandelholz verleiht Tiefe und Magnetismus und hinterl\u00e4sst eine elegante und verf\u00fchrerische Spur. Ideal f\u00fcr den kosmopolitischen Mann, selbstbewusst und mit unverwechselbarem Stil.<\/p>\n","protected":false},"excerpt":{"rendered":"<p>Erinnert an 212 Men von Carolina Herrera<\/p>\n","protected":false},"featured_media":7674,"comment_status":"open","ping_status":"closed","template":"","meta":[],"product_brand":[],"product_cat":[1533],"product_tag":[1345],"class_list":{"0":"post-7682","1":"product","2":"type-product","3":"status-publish","4":"has-post-thumbnail","6":"product_cat-carolina-herrera","7":"product_tag-manner","9":"first","10":"instock","11":"shipping-taxable","12":"product-type-simple"},"_links":{"self":[{"href":"https:\/\/divainers.com\/de\/wp-json\/wp\/v2\/product\/7682","targetHints":{"allow":["GET"]}}],"collection":[{"href":"https:\/\/divainers.com\/de\/wp-json\/wp\/v2\/product"}],"about":[{"href":"https:\/\/divainers.com\/de\/wp-json\/wp\/v2\/types\/product"}],"replies":[{"embeddable":true,"href":"https:\/\/divainers.com\/de\/wp-json\/wp\/v2\/comments?post=7682"}],"wp:featuredmedia":[{"embeddable":true,"href":"https:\/\/divainers.com\/de\/wp-json\/wp\/v2\/media\/7674"}],"wp:attachment":[{"href":"https:\/\/divainers.com\/de\/wp-json\/wp\/v2\/media?parent=7682"}],"wp:term":[{"taxonomy":"product_brand","embeddable":true,"href":"https:\/\/divainers.com\/de\/wp-json\/wp\/v2\/product_brand?post=7682"},{"taxonomy":"product_cat","embeddable":true,"href":"https:\/\/divainers.com\/de\/wp-json\/wp\/v2\/product_cat?post=7682"},{"taxonomy":"product_tag","embeddable":true,"href":"https:\/\/divainers.com\/de\/wp-json\/wp\/v2\/product_tag?post=7682"}],"curies":[{"name":"wp","href":"https:\/\/api.w.org\/{rel}","templated":true}]}}