{"id":7928,"date":"2025-01-31T08:31:51","date_gmt":"2025-01-31T07:31:51","guid":{"rendered":"https:\/\/divainers.com\/producto\/divain-457\/"},"modified":"2026-04-30T09:48:40","modified_gmt":"2026-04-30T07:48:40","slug":"divain-457","status":"publish","type":"product","link":"https:\/\/divainers.com\/de\/producto\/divain-457\/","title":{"rendered":"divain.457"},"content":{"rendered":"<p>Ein mutiger und magnetischer Duft, der in jeder Note Eleganz und Charakter ausstrahlt. Die Er\u00f6ffnung ist lebendig und zitrisch, mit einer Explosion aus Zitrone, Ananas und Bergamotte, die die Sinne mit intensiver Frische weckt. Im Herzen verleihen Birke und Jasmin Tiefe und eine raffinierte rauchige Note, die eine verfeinerte und selbstbewusste M\u00e4nnlichkeit heraufbeschw\u00f6rt. Schlie\u00dflich hinterl\u00e4sst eine umh\u00fcllende Basis aus grauem Amber, Moschus und Patchouli eine langanhaltende, verf\u00fchrerische und kraftvolle Spur. Ein imposanter und raffinierter Duft, ideal f\u00fcr diejenigen, die eine intensive, vielseitige und unverwechselbare Pr\u00e4senz suchen.<\/p>\n","protected":false},"excerpt":{"rendered":"<p>Erinnert an Club de Nuit Intense Man de Armaf<\/p>\n","protected":false},"featured_media":7927,"comment_status":"open","ping_status":"closed","template":"","meta":[],"product_brand":[],"product_cat":[1621],"product_tag":[1345],"class_list":{"0":"post-7928","1":"product","2":"type-product","3":"status-publish","4":"has-post-thumbnail","6":"product_cat-armaf","7":"product_tag-manner","9":"first","10":"instock","11":"shipping-taxable","12":"product-type-simple"},"_links":{"self":[{"href":"https:\/\/divainers.com\/de\/wp-json\/wp\/v2\/product\/7928","targetHints":{"allow":["GET"]}}],"collection":[{"href":"https:\/\/divainers.com\/de\/wp-json\/wp\/v2\/product"}],"about":[{"href":"https:\/\/divainers.com\/de\/wp-json\/wp\/v2\/types\/product"}],"replies":[{"embeddable":true,"href":"https:\/\/divainers.com\/de\/wp-json\/wp\/v2\/comments?post=7928"}],"wp:featuredmedia":[{"embeddable":true,"href":"https:\/\/divainers.com\/de\/wp-json\/wp\/v2\/media\/7927"}],"wp:attachment":[{"href":"https:\/\/divainers.com\/de\/wp-json\/wp\/v2\/media?parent=7928"}],"wp:term":[{"taxonomy":"product_brand","embeddable":true,"href":"https:\/\/divainers.com\/de\/wp-json\/wp\/v2\/product_brand?post=7928"},{"taxonomy":"product_cat","embeddable":true,"href":"https:\/\/divainers.com\/de\/wp-json\/wp\/v2\/product_cat?post=7928"},{"taxonomy":"product_tag","embeddable":true,"href":"https:\/\/divainers.com\/de\/wp-json\/wp\/v2\/product_tag?post=7928"}],"curies":[{"name":"wp","href":"https:\/\/api.w.org\/{rel}","templated":true}]}}