{"id":805,"date":"2025-01-31T08:32:48","date_gmt":"2025-01-31T07:32:48","guid":{"rendered":"https:\/\/divainers.com\/producto\/divain-062\/"},"modified":"2026-03-16T16:07:52","modified_gmt":"2026-03-16T15:07:52","slug":"divain-062","status":"publish","type":"product","link":"https:\/\/divainers.com\/de\/producto\/divain-062\/","title":{"rendered":"divain.062"},"content":{"rendered":"<p>Un aroma rom\u00e1ntico y envolvente que evoca la calidez de un abrazo y la dulzura de los recuerdos m\u00e1s \u00edntimos. Su apertura suave de arroz y flor de cerezo aporta un toque delicado y ligeramente empolvado. En el coraz\u00f3n, la vainilla y el incienso crean una combinaci\u00f3n ex\u00f3tica y reconfortante, mientras que en el fondo, las maderas y el almizcle dejan una estela c\u00e1lida y sensual. Perfecto para la mujer so\u00f1adora, tierna y apasionada, que deja huella con su dulzura y misterio.<\/p>\n","protected":false},"excerpt":{"rendered":"<p>Recuerda a Amour de Kenzo<\/p>\n","protected":false},"featured_media":3450,"comment_status":"open","ping_status":"closed","template":"","meta":[],"product_brand":[],"product_cat":[575],"product_tag":[1448],"class_list":{"0":"post-805","1":"product","2":"type-product","3":"status-publish","4":"has-post-thumbnail","6":"product_cat-kenzo","7":"product_tag-moterys","9":"first","10":"instock","11":"shipping-taxable","12":"product-type-simple"},"_links":{"self":[{"href":"https:\/\/divainers.com\/de\/wp-json\/wp\/v2\/product\/805","targetHints":{"allow":["GET"]}}],"collection":[{"href":"https:\/\/divainers.com\/de\/wp-json\/wp\/v2\/product"}],"about":[{"href":"https:\/\/divainers.com\/de\/wp-json\/wp\/v2\/types\/product"}],"replies":[{"embeddable":true,"href":"https:\/\/divainers.com\/de\/wp-json\/wp\/v2\/comments?post=805"}],"wp:featuredmedia":[{"embeddable":true,"href":"https:\/\/divainers.com\/de\/wp-json\/wp\/v2\/media\/3450"}],"wp:attachment":[{"href":"https:\/\/divainers.com\/de\/wp-json\/wp\/v2\/media?parent=805"}],"wp:term":[{"taxonomy":"product_brand","embeddable":true,"href":"https:\/\/divainers.com\/de\/wp-json\/wp\/v2\/product_brand?post=805"},{"taxonomy":"product_cat","embeddable":true,"href":"https:\/\/divainers.com\/de\/wp-json\/wp\/v2\/product_cat?post=805"},{"taxonomy":"product_tag","embeddable":true,"href":"https:\/\/divainers.com\/de\/wp-json\/wp\/v2\/product_tag?post=805"}],"curies":[{"name":"wp","href":"https:\/\/api.w.org\/{rel}","templated":true}]}}