{"id":8056,"date":"2025-01-31T08:31:52","date_gmt":"2025-01-31T07:31:52","guid":{"rendered":"https:\/\/divainers.com\/producto\/divain-240\/"},"modified":"2026-04-30T09:49:22","modified_gmt":"2026-04-30T07:49:22","slug":"divain-240","status":"publish","type":"product","link":"https:\/\/divainers.com\/de\/producto\/divain-240\/","title":{"rendered":"divain.240"},"content":{"rendered":"<p>Ein lebendiger und mutiger Duft, entworfen f\u00fcr den extrovertierten und energiegeladenen Mann. In der Er\u00f6ffnung eine Explosion von Frische und Gew\u00fcrzen mit Noten von Zitrone, Ingwer und Minze, die die Sinne wecken und Dynamik verleihen. Das Herz des Duftes ist erf\u00fcllt von einer warmen und aromatischen Note dank Lavendel, kombiniert mit Zimt und Kardamom, was ein Gleichgewicht zwischen Sanftheit und Intensit\u00e4t schafft. Im Fond umh\u00fcllen holzige und balsamische Noten von Tonkabohne, Sandelholz und Leder die Haut mit einer Spur von Raffinesse und Sinnlichkeit. Ideal f\u00fcr besondere Anl\u00e4sse spiegelt dieser Duft K\u00fchnheit und Selbstvertrauen wider, perfekt f\u00fcr diejenigen, die mit einer unvergesslichen Pr\u00e4senz hervorstechen m\u00f6chten.<\/p>\n","protected":false},"excerpt":{"rendered":"<p>Erinnert an Azzaro Wanted von Azzaro<\/p>\n","protected":false},"featured_media":8054,"comment_status":"open","ping_status":"closed","template":"","meta":[],"product_brand":[],"product_cat":[1677],"product_tag":[1360],"class_list":{"0":"post-8056","1":"product","2":"type-product","3":"status-publish","4":"has-post-thumbnail","6":"product_cat-azzaro","7":"product_tag-muskarci","9":"first","10":"instock","11":"shipping-taxable","12":"product-type-simple"},"_links":{"self":[{"href":"https:\/\/divainers.com\/de\/wp-json\/wp\/v2\/product\/8056","targetHints":{"allow":["GET"]}}],"collection":[{"href":"https:\/\/divainers.com\/de\/wp-json\/wp\/v2\/product"}],"about":[{"href":"https:\/\/divainers.com\/de\/wp-json\/wp\/v2\/types\/product"}],"replies":[{"embeddable":true,"href":"https:\/\/divainers.com\/de\/wp-json\/wp\/v2\/comments?post=8056"}],"wp:featuredmedia":[{"embeddable":true,"href":"https:\/\/divainers.com\/de\/wp-json\/wp\/v2\/media\/8054"}],"wp:attachment":[{"href":"https:\/\/divainers.com\/de\/wp-json\/wp\/v2\/media?parent=8056"}],"wp:term":[{"taxonomy":"product_brand","embeddable":true,"href":"https:\/\/divainers.com\/de\/wp-json\/wp\/v2\/product_brand?post=8056"},{"taxonomy":"product_cat","embeddable":true,"href":"https:\/\/divainers.com\/de\/wp-json\/wp\/v2\/product_cat?post=8056"},{"taxonomy":"product_tag","embeddable":true,"href":"https:\/\/divainers.com\/de\/wp-json\/wp\/v2\/product_tag?post=8056"}],"curies":[{"name":"wp","href":"https:\/\/api.w.org\/{rel}","templated":true}]}}