{"id":8097,"date":"2025-01-31T08:31:53","date_gmt":"2025-01-31T07:31:53","guid":{"rendered":"https:\/\/divainers.com\/producto\/divain-715\/"},"modified":"2026-04-30T09:49:32","modified_gmt":"2026-04-30T07:49:32","slug":"divain-715","status":"publish","type":"product","link":"https:\/\/divainers.com\/de\/producto\/divain-715\/","title":{"rendered":"divain.715"},"content":{"rendered":"<p>Es ist ein frischer und moderner Blumenduft, der durch den Kontrast zwischen gr\u00fcnen und floralen Noten gepr\u00e4gt ist. Die Er\u00f6ffnung ist frisch und leicht mit einem Hauch von Minze, der sich im Herzen mit Rose und Nelke verbindet und ein Gef\u00fchl von frischer und umh\u00fcllender Wildblume erzeugt. Im Verlauf entwickeln die Basisnoten von Amber und Vetiver eine erdige und raffinierte Tiefe, die die Frische der Blumen ausbalanciert. Es ist ein eleganter und zeitgem\u00e4\u00dfer Duft, ideal f\u00fcr diejenigen, die etwas Feminines suchen, aber mit einer Prise K\u00fchnheit und Modernit\u00e4t.<\/p>\n","protected":false},"excerpt":{"rendered":"<p>Erinnert an Florabotanica von Balenciaga<\/p>\n","protected":false},"featured_media":8095,"comment_status":"open","ping_status":"closed","template":"","meta":[],"product_brand":[],"product_cat":[1705],"product_tag":[1420],"class_list":{"0":"post-8097","1":"product","2":"type-product","3":"status-publish","4":"has-post-thumbnail","6":"product_cat-balenciaga","7":"product_tag-frauen","9":"first","10":"instock","11":"shipping-taxable","12":"product-type-simple"},"_links":{"self":[{"href":"https:\/\/divainers.com\/de\/wp-json\/wp\/v2\/product\/8097","targetHints":{"allow":["GET"]}}],"collection":[{"href":"https:\/\/divainers.com\/de\/wp-json\/wp\/v2\/product"}],"about":[{"href":"https:\/\/divainers.com\/de\/wp-json\/wp\/v2\/types\/product"}],"replies":[{"embeddable":true,"href":"https:\/\/divainers.com\/de\/wp-json\/wp\/v2\/comments?post=8097"}],"wp:featuredmedia":[{"embeddable":true,"href":"https:\/\/divainers.com\/de\/wp-json\/wp\/v2\/media\/8095"}],"wp:attachment":[{"href":"https:\/\/divainers.com\/de\/wp-json\/wp\/v2\/media?parent=8097"}],"wp:term":[{"taxonomy":"product_brand","embeddable":true,"href":"https:\/\/divainers.com\/de\/wp-json\/wp\/v2\/product_brand?post=8097"},{"taxonomy":"product_cat","embeddable":true,"href":"https:\/\/divainers.com\/de\/wp-json\/wp\/v2\/product_cat?post=8097"},{"taxonomy":"product_tag","embeddable":true,"href":"https:\/\/divainers.com\/de\/wp-json\/wp\/v2\/product_tag?post=8097"}],"curies":[{"name":"wp","href":"https:\/\/api.w.org\/{rel}","templated":true}]}}