{"id":8182,"date":"2025-01-31T08:33:36","date_gmt":"2025-01-31T07:33:36","guid":{"rendered":"https:\/\/divainers.com\/producto\/divain-077\/"},"modified":"2026-04-30T09:49:51","modified_gmt":"2026-04-30T07:49:51","slug":"divain-077","status":"publish","type":"product","link":"https:\/\/divainers.com\/de\/producto\/divain-077\/","title":{"rendered":"divain.077"},"content":{"rendered":"<p>Ein jugendlicher und lebendiger Duft, der Freude und Spontaneit\u00e4t in jeder Note einf\u00e4ngt. Seine spritzige Er\u00f6ffnung mit Pfirsich, Aprikose und schwarzer Johannisbeere verleiht eine fruchtige und leuchtende S\u00fc\u00dfe. Im Herzen umh\u00fcllen Freesie, Veilchen und Maigl\u00f6ckchen den Duft mit einer sanften und romantischen Weiblichkeit. Im Fond schaffen Sandelholz, Vanille und Moschus eine warme und einladende Spur, perfekt f\u00fcr die lustige, freie Frau mit einem energiegeladenen Geist.<\/p>\n","protected":false},"excerpt":{"rendered":"<p>Erinnert an Red Jeans von Versace<\/p>\n","protected":false},"featured_media":8179,"comment_status":"open","ping_status":"closed","template":"","meta":[],"product_brand":[],"product_cat":[1748],"product_tag":[1420],"class_list":{"0":"post-8182","1":"product","2":"type-product","3":"status-publish","4":"has-post-thumbnail","6":"product_cat-versace","7":"product_tag-frauen","9":"first","10":"instock","11":"shipping-taxable","12":"product-type-simple"},"_links":{"self":[{"href":"https:\/\/divainers.com\/de\/wp-json\/wp\/v2\/product\/8182","targetHints":{"allow":["GET"]}}],"collection":[{"href":"https:\/\/divainers.com\/de\/wp-json\/wp\/v2\/product"}],"about":[{"href":"https:\/\/divainers.com\/de\/wp-json\/wp\/v2\/types\/product"}],"replies":[{"embeddable":true,"href":"https:\/\/divainers.com\/de\/wp-json\/wp\/v2\/comments?post=8182"}],"wp:featuredmedia":[{"embeddable":true,"href":"https:\/\/divainers.com\/de\/wp-json\/wp\/v2\/media\/8179"}],"wp:attachment":[{"href":"https:\/\/divainers.com\/de\/wp-json\/wp\/v2\/media?parent=8182"}],"wp:term":[{"taxonomy":"product_brand","embeddable":true,"href":"https:\/\/divainers.com\/de\/wp-json\/wp\/v2\/product_brand?post=8182"},{"taxonomy":"product_cat","embeddable":true,"href":"https:\/\/divainers.com\/de\/wp-json\/wp\/v2\/product_cat?post=8182"},{"taxonomy":"product_tag","embeddable":true,"href":"https:\/\/divainers.com\/de\/wp-json\/wp\/v2\/product_tag?post=8182"}],"curies":[{"name":"wp","href":"https:\/\/api.w.org\/{rel}","templated":true}]}}