{"id":8223,"date":"2025-01-31T08:31:53","date_gmt":"2025-01-31T07:31:53","guid":{"rendered":"https:\/\/divainers.com\/producto\/divain-447\/"},"modified":"2026-04-30T09:50:00","modified_gmt":"2026-04-30T07:50:00","slug":"divain-447","status":"publish","type":"product","link":"https:\/\/divainers.com\/de\/producto\/divain-447\/","title":{"rendered":"divain.447"},"content":{"rendered":"<p>Ein majest\u00e4tischer und kraftvoller Duft, der in jeder Note Selbstbewusstsein und Raffinesse ausstrahlt. Die Er\u00f6ffnung ist lebhaft und w\u00fcrzig, mit einem Ausbruch von Bergamotte und Pfeffer, der die Sinne mit Energie und Eleganz weckt. Im Herzen verschmelzen Amber und Lavendel mit edlen H\u00f6lzern und verleihen Tiefe sowie eine distinguierte Aura. Schlie\u00dflich hinterl\u00e4sst eine warme Basis aus Vanille, Moschus und Oud eine umh\u00fcllende, intensive und verf\u00fchrerische Spur. Ein mutiger und magnetischer Duft, perfekt f\u00fcr alle, die einen Charakter, Pr\u00e4senz und beeindruckende Eleganz suchenden Duft w\u00fcnschen.<\/p>\n","protected":false},"excerpt":{"rendered":"<p>Erinnert an King von Bharara<\/p>\n","protected":false},"featured_media":8221,"comment_status":"open","ping_status":"closed","template":"","meta":[],"product_brand":[],"product_cat":[1768],"product_tag":[1345],"class_list":{"0":"post-8223","1":"product","2":"type-product","3":"status-publish","4":"has-post-thumbnail","6":"product_cat-bharara","7":"product_tag-manner","9":"first","10":"instock","11":"shipping-taxable","12":"product-type-simple"},"_links":{"self":[{"href":"https:\/\/divainers.com\/de\/wp-json\/wp\/v2\/product\/8223","targetHints":{"allow":["GET"]}}],"collection":[{"href":"https:\/\/divainers.com\/de\/wp-json\/wp\/v2\/product"}],"about":[{"href":"https:\/\/divainers.com\/de\/wp-json\/wp\/v2\/types\/product"}],"replies":[{"embeddable":true,"href":"https:\/\/divainers.com\/de\/wp-json\/wp\/v2\/comments?post=8223"}],"wp:featuredmedia":[{"embeddable":true,"href":"https:\/\/divainers.com\/de\/wp-json\/wp\/v2\/media\/8221"}],"wp:attachment":[{"href":"https:\/\/divainers.com\/de\/wp-json\/wp\/v2\/media?parent=8223"}],"wp:term":[{"taxonomy":"product_brand","embeddable":true,"href":"https:\/\/divainers.com\/de\/wp-json\/wp\/v2\/product_brand?post=8223"},{"taxonomy":"product_cat","embeddable":true,"href":"https:\/\/divainers.com\/de\/wp-json\/wp\/v2\/product_cat?post=8223"},{"taxonomy":"product_tag","embeddable":true,"href":"https:\/\/divainers.com\/de\/wp-json\/wp\/v2\/product_tag?post=8223"}],"curies":[{"name":"wp","href":"https:\/\/api.w.org\/{rel}","templated":true}]}}