{"id":8308,"date":"2025-01-31T08:31:53","date_gmt":"2025-01-31T07:31:53","guid":{"rendered":"https:\/\/divainers.com\/producto\/divain-668\/"},"modified":"2026-04-30T09:50:36","modified_gmt":"2026-04-30T07:50:36","slug":"divain-668","status":"publish","type":"product","link":"https:\/\/divainers.com\/de\/producto\/divain-668\/","title":{"rendered":"divain.668"},"content":{"rendered":"<p>Ein exquisiter und faszinierender Duft, der Eleganz und Geheimnis ausstrahlt. In der Er\u00f6ffnung entfaltet sich eine frische und zitrische Mischung, die sich mit maritimen Noten verbindet und die frische Meeresbrise heraufbeschw\u00f6rt. Im Verlauf offenbart das Herz einen blumigen und fruchtigen Akkord, in dem die S\u00fc\u00dfe exotischer Fr\u00fcchte mit der Sanftheit zarter Blumen verschmilzt und ein umh\u00fcllendes, feminines Gef\u00fchl schafft. Die Basis, tief und raffiniert, besteht aus edlen H\u00f6lzern und einem subtilen Hauch von Moschus, der eine warme und verf\u00fchrerische Spur hinterl\u00e4sst. Es ist ein idealer Duft f\u00fcr alle, die ein raffiniertes und charakterstarkes Parfum suchen, perfekt f\u00fcr die Frau, die ein Bild von Luxus, St\u00e4rke und Selbstvertrauen vermitteln m\u00f6chte.<\/p>\n","protected":false},"excerpt":{"rendered":"<p>Erinnert an Blue Sapphire von Boadicea The Victorious<\/p>\n","protected":false},"featured_media":8304,"comment_status":"open","ping_status":"closed","template":"","meta":[],"product_brand":[],"product_cat":[1811],"product_tag":[1402],"class_list":{"0":"post-8308","1":"product","2":"type-product","3":"status-publish","4":"has-post-thumbnail","6":"product_cat-boadicea-the-victorious","7":"product_tag-unisex","9":"first","10":"instock","11":"shipping-taxable","12":"product-type-simple"},"_links":{"self":[{"href":"https:\/\/divainers.com\/de\/wp-json\/wp\/v2\/product\/8308","targetHints":{"allow":["GET"]}}],"collection":[{"href":"https:\/\/divainers.com\/de\/wp-json\/wp\/v2\/product"}],"about":[{"href":"https:\/\/divainers.com\/de\/wp-json\/wp\/v2\/types\/product"}],"replies":[{"embeddable":true,"href":"https:\/\/divainers.com\/de\/wp-json\/wp\/v2\/comments?post=8308"}],"wp:featuredmedia":[{"embeddable":true,"href":"https:\/\/divainers.com\/de\/wp-json\/wp\/v2\/media\/8304"}],"wp:attachment":[{"href":"https:\/\/divainers.com\/de\/wp-json\/wp\/v2\/media?parent=8308"}],"wp:term":[{"taxonomy":"product_brand","embeddable":true,"href":"https:\/\/divainers.com\/de\/wp-json\/wp\/v2\/product_brand?post=8308"},{"taxonomy":"product_cat","embeddable":true,"href":"https:\/\/divainers.com\/de\/wp-json\/wp\/v2\/product_cat?post=8308"},{"taxonomy":"product_tag","embeddable":true,"href":"https:\/\/divainers.com\/de\/wp-json\/wp\/v2\/product_tag?post=8308"}],"curies":[{"name":"wp","href":"https:\/\/api.w.org\/{rel}","templated":true}]}}