{"id":8348,"date":"2025-01-31T08:31:53","date_gmt":"2025-01-31T07:31:53","guid":{"rendered":"https:\/\/divainers.com\/producto\/divain-452\/"},"modified":"2026-04-30T09:50:46","modified_gmt":"2026-04-30T07:50:46","slug":"divain-452","status":"publish","type":"product","link":"https:\/\/divainers.com\/de\/producto\/divain-452\/","title":{"rendered":"divain.452"},"content":{"rendered":"<p>Ein lebendiger und raffinierter Duft, der die dynamische Energie der Stadt mit einer Note von Frische und unwiderstehlicher W\u00e4rme einf\u00e4ngt. Die Er\u00f6ffnung ist hell und saftig, mit einer Explosion von schwarzer Johannisbeere und Heidelbeeren, verst\u00e4rkt durch eine gr\u00fcne und w\u00fcrzige Note, die die Sinne weckt. Im Herzen verleihen Veilchen- und Zimtnoten Tiefe und eine edle Note, w\u00e4hrend die Basis aus Bernstein, Vanille und edlen H\u00f6lzern die Haut mit einer umh\u00fcllenden, cremigen und verf\u00fchrerischen Spur umgibt. Ein moderner und vielseitiger Duft, ideal f\u00fcr alle, die eine einzigartige, raffinierte und unverwechselbare Pr\u00e4senz suchen.<\/p>\n","protected":false},"excerpt":{"rendered":"<p>Erinnert an Bleecker Street von Bond No 9<\/p>\n","protected":false},"featured_media":8347,"comment_status":"open","ping_status":"closed","template":"","meta":[],"product_brand":[],"product_cat":[1831],"product_tag":[1402],"class_list":{"0":"post-8348","1":"product","2":"type-product","3":"status-publish","4":"has-post-thumbnail","6":"product_cat-bond-no-9","7":"product_tag-unisex","9":"first","10":"instock","11":"shipping-taxable","12":"product-type-simple"},"_links":{"self":[{"href":"https:\/\/divainers.com\/de\/wp-json\/wp\/v2\/product\/8348","targetHints":{"allow":["GET"]}}],"collection":[{"href":"https:\/\/divainers.com\/de\/wp-json\/wp\/v2\/product"}],"about":[{"href":"https:\/\/divainers.com\/de\/wp-json\/wp\/v2\/types\/product"}],"replies":[{"embeddable":true,"href":"https:\/\/divainers.com\/de\/wp-json\/wp\/v2\/comments?post=8348"}],"wp:featuredmedia":[{"embeddable":true,"href":"https:\/\/divainers.com\/de\/wp-json\/wp\/v2\/media\/8347"}],"wp:attachment":[{"href":"https:\/\/divainers.com\/de\/wp-json\/wp\/v2\/media?parent=8348"}],"wp:term":[{"taxonomy":"product_brand","embeddable":true,"href":"https:\/\/divainers.com\/de\/wp-json\/wp\/v2\/product_brand?post=8348"},{"taxonomy":"product_cat","embeddable":true,"href":"https:\/\/divainers.com\/de\/wp-json\/wp\/v2\/product_cat?post=8348"},{"taxonomy":"product_tag","embeddable":true,"href":"https:\/\/divainers.com\/de\/wp-json\/wp\/v2\/product_tag?post=8348"}],"curies":[{"name":"wp","href":"https:\/\/api.w.org\/{rel}","templated":true}]}}