{"id":8475,"date":"2025-01-31T08:31:54","date_gmt":"2025-01-31T07:31:54","guid":{"rendered":"https:\/\/divainers.com\/producto\/divain-060\/"},"modified":"2026-04-30T09:51:22","modified_gmt":"2026-04-30T07:51:22","slug":"divain-060","status":"publish","type":"product","link":"https:\/\/divainers.com\/de\/producto\/divain-060\/","title":{"rendered":"divain.060"},"content":{"rendered":"<p>Ein s\u00fc\u00dfer und bezaubernder Duft, der eine Welt voller Fantasie und Romantik heraufbeschw\u00f6rt. Die spritzige Er\u00f6ffnung mit Kiwi, roter Litschi und Quitte verleiht eine fruchtige und saftige Note. Im Herzen verbinden sich Jasmin und wei\u00dfe Schokolade zu einer s\u00fcchtig machenden und verf\u00fchrerischen Kombination. Im Fond umh\u00fcllen Vanille, Moschus und cremige H\u00f6lzer den Duft mit einer warmen und einh\u00fcllenden Spur. Perfekt f\u00fcr die vertr\u00e4umte, kokette Frau mit einem magischen und unwiderstehlichen Geist.<\/p>\n","protected":false},"excerpt":{"rendered":"<p>Erinnert an Fantasy von Britney Spears<\/p>\n","protected":false},"featured_media":8473,"comment_status":"open","ping_status":"closed","template":"","meta":[],"product_brand":[],"product_cat":[1894],"product_tag":[1420],"class_list":{"0":"post-8475","1":"product","2":"type-product","3":"status-publish","4":"has-post-thumbnail","6":"product_cat-britney-spears","7":"product_tag-frauen","9":"first","10":"instock","11":"shipping-taxable","12":"product-type-simple"},"_links":{"self":[{"href":"https:\/\/divainers.com\/de\/wp-json\/wp\/v2\/product\/8475","targetHints":{"allow":["GET"]}}],"collection":[{"href":"https:\/\/divainers.com\/de\/wp-json\/wp\/v2\/product"}],"about":[{"href":"https:\/\/divainers.com\/de\/wp-json\/wp\/v2\/types\/product"}],"replies":[{"embeddable":true,"href":"https:\/\/divainers.com\/de\/wp-json\/wp\/v2\/comments?post=8475"}],"wp:featuredmedia":[{"embeddable":true,"href":"https:\/\/divainers.com\/de\/wp-json\/wp\/v2\/media\/8473"}],"wp:attachment":[{"href":"https:\/\/divainers.com\/de\/wp-json\/wp\/v2\/media?parent=8475"}],"wp:term":[{"taxonomy":"product_brand","embeddable":true,"href":"https:\/\/divainers.com\/de\/wp-json\/wp\/v2\/product_brand?post=8475"},{"taxonomy":"product_cat","embeddable":true,"href":"https:\/\/divainers.com\/de\/wp-json\/wp\/v2\/product_cat?post=8475"},{"taxonomy":"product_tag","embeddable":true,"href":"https:\/\/divainers.com\/de\/wp-json\/wp\/v2\/product_tag?post=8475"}],"curies":[{"name":"wp","href":"https:\/\/api.w.org\/{rel}","templated":true}]}}