{"id":8517,"date":"2025-01-31T08:31:54","date_gmt":"2025-01-31T07:31:54","guid":{"rendered":"https:\/\/divainers.com\/producto\/divain-137\/"},"modified":"2026-04-30T09:51:31","modified_gmt":"2026-04-30T07:51:31","slug":"divain-137","status":"publish","type":"product","link":"https:\/\/divainers.com\/de\/producto\/divain-137\/","title":{"rendered":"divain.137"},"content":{"rendered":"<p>Ein warmer und eleganter Duft, der die Sinne mit seiner raffinierten Sinnlichkeit umh\u00fcllt. Die fruchtige Er\u00f6ffnung aus Pfirsich, Birne und schwarzer Johannisbeere verleiht eine saftige und leuchtende S\u00fc\u00dfe. Im Herzen schaffen Jasmin und Sandelholz eine sanfte und raffinierte Kombination, die die Weiblichkeit mit einer umh\u00fcllenden Note betont. Im Fond hinterlassen Vanille und wei\u00dfer Moschus eine warme und wohltuende Spur, perfekt f\u00fcr die klassische, anspruchsvolle Frau mit zeitlosem Charme, die einen unvergesslichen Eindruck hinterl\u00e4sst.<\/p>\n","protected":false},"excerpt":{"rendered":"<p>Erinnert an Burberry Women von Burberry<\/p>\n","protected":false},"featured_media":8515,"comment_status":"open","ping_status":"closed","template":"","meta":[],"product_brand":[],"product_cat":[1914],"product_tag":[1428],"class_list":{"0":"post-8517","1":"product","2":"type-product","3":"status-publish","4":"has-post-thumbnail","6":"product_cat-burberry","7":"product_tag-naiset","9":"first","10":"instock","11":"shipping-taxable","12":"product-type-simple"},"_links":{"self":[{"href":"https:\/\/divainers.com\/de\/wp-json\/wp\/v2\/product\/8517","targetHints":{"allow":["GET"]}}],"collection":[{"href":"https:\/\/divainers.com\/de\/wp-json\/wp\/v2\/product"}],"about":[{"href":"https:\/\/divainers.com\/de\/wp-json\/wp\/v2\/types\/product"}],"replies":[{"embeddable":true,"href":"https:\/\/divainers.com\/de\/wp-json\/wp\/v2\/comments?post=8517"}],"wp:featuredmedia":[{"embeddable":true,"href":"https:\/\/divainers.com\/de\/wp-json\/wp\/v2\/media\/8515"}],"wp:attachment":[{"href":"https:\/\/divainers.com\/de\/wp-json\/wp\/v2\/media?parent=8517"}],"wp:term":[{"taxonomy":"product_brand","embeddable":true,"href":"https:\/\/divainers.com\/de\/wp-json\/wp\/v2\/product_brand?post=8517"},{"taxonomy":"product_cat","embeddable":true,"href":"https:\/\/divainers.com\/de\/wp-json\/wp\/v2\/product_cat?post=8517"},{"taxonomy":"product_tag","embeddable":true,"href":"https:\/\/divainers.com\/de\/wp-json\/wp\/v2\/product_tag?post=8517"}],"curies":[{"name":"wp","href":"https:\/\/api.w.org\/{rel}","templated":true}]}}