{"id":8644,"date":"2025-01-31T08:33:38","date_gmt":"2025-01-31T07:33:38","guid":{"rendered":"https:\/\/divainers.com\/producto\/divain-659\/"},"modified":"2026-04-30T09:52:20","modified_gmt":"2026-04-30T07:52:20","slug":"divain-659","status":"publish","type":"product","link":"https:\/\/divainers.com\/de\/producto\/divain-659\/","title":{"rendered":"divain.659"},"content":{"rendered":"<p>Ein Duft, der Sinnlichkeit und Geheimnis ausstrahlt, perfekt f\u00fcr die Frau, die mit einer einzigartigen Spur bezaubern m\u00f6chte. Er beginnt mit einer fruchtigen und saftigen Mischung, bei der Pflaumen- und Himbeernoten eine s\u00fc\u00dfe Frische verleihen, begleitet von einer zarten floralen Note. Das Herz f\u00fcllt sich mit einem subtilen Akkord exotischer Blumen wie Jasmin, der eine feminine und umh\u00fcllende Sinnlichkeit bringt. Schlie\u00dflich schaffen die Basisnoten von Sandelholz und Moschus eine warme und erdige Grundlage, die ein Gef\u00fchl von Weichheit und Tiefe hinterl\u00e4sst, das anh\u00e4lt.<\/p>\n","protected":false},"excerpt":{"rendered":"<p>Erinnert an Forbidden von Victoria&#8217;s Secret<\/p>\n","protected":false},"featured_media":8641,"comment_status":"open","ping_status":"closed","template":"","meta":[],"product_brand":[],"product_cat":[1974],"product_tag":[1420],"class_list":{"0":"post-8644","1":"product","2":"type-product","3":"status-publish","4":"has-post-thumbnail","6":"product_cat-victorias-secret","7":"product_tag-frauen","9":"first","10":"instock","11":"shipping-taxable","12":"product-type-simple"},"_links":{"self":[{"href":"https:\/\/divainers.com\/de\/wp-json\/wp\/v2\/product\/8644","targetHints":{"allow":["GET"]}}],"collection":[{"href":"https:\/\/divainers.com\/de\/wp-json\/wp\/v2\/product"}],"about":[{"href":"https:\/\/divainers.com\/de\/wp-json\/wp\/v2\/types\/product"}],"replies":[{"embeddable":true,"href":"https:\/\/divainers.com\/de\/wp-json\/wp\/v2\/comments?post=8644"}],"wp:featuredmedia":[{"embeddable":true,"href":"https:\/\/divainers.com\/de\/wp-json\/wp\/v2\/media\/8641"}],"wp:attachment":[{"href":"https:\/\/divainers.com\/de\/wp-json\/wp\/v2\/media?parent=8644"}],"wp:term":[{"taxonomy":"product_brand","embeddable":true,"href":"https:\/\/divainers.com\/de\/wp-json\/wp\/v2\/product_brand?post=8644"},{"taxonomy":"product_cat","embeddable":true,"href":"https:\/\/divainers.com\/de\/wp-json\/wp\/v2\/product_cat?post=8644"},{"taxonomy":"product_tag","embeddable":true,"href":"https:\/\/divainers.com\/de\/wp-json\/wp\/v2\/product_tag?post=8644"}],"curies":[{"name":"wp","href":"https:\/\/api.w.org\/{rel}","templated":true}]}}