{"id":9173,"date":"2025-01-31T08:33:39","date_gmt":"2025-01-31T07:33:39","guid":{"rendered":"https:\/\/divainers.com\/producto\/divain-100\/"},"modified":"2026-04-30T09:54:38","modified_gmt":"2026-04-30T07:54:38","slug":"divain-100","status":"publish","type":"product","link":"https:\/\/divainers.com\/de\/producto\/divain-100\/","title":{"rendered":"divain.100"},"content":{"rendered":"<p>Ein reiner und nat\u00fcrlicher Duft, der die Frische des Morgens und die Zartheit der Natur heraufbeschw\u00f6rt. Seine helle Er\u00f6ffnung mit Zitrusfr\u00fcchten und gr\u00fcnen Bl\u00e4ttern verleiht ein belebendes und leichtes Gef\u00fchl. Im Herzen umh\u00fcllt ein Blumenbouquet aus Jasmin, Rose und Maigl\u00f6ckchen den Duft mit sanfter und eleganter Weiblichkeit. Im Fond schaffen Moschus und Zedernholz eine warme und umh\u00fcllende Spur, perfekt f\u00fcr die romantische, ruhige Frau mit einem subtilen Charme, der Eindruck hinterl\u00e4sst.<\/p>\n","protected":false},"excerpt":{"rendered":"<p>Erinnert an Agua de Rocio von Victorio &#038; Lucchino<\/p>\n","protected":false},"featured_media":9172,"comment_status":"open","ping_status":"closed","template":"","meta":[],"product_brand":[],"product_cat":[2230],"product_tag":[1420],"class_list":{"0":"post-9173","1":"product","2":"type-product","3":"status-publish","4":"has-post-thumbnail","6":"product_cat-victorio-lucchino","7":"product_tag-frauen","9":"first","10":"instock","11":"shipping-taxable","12":"product-type-simple"},"_links":{"self":[{"href":"https:\/\/divainers.com\/de\/wp-json\/wp\/v2\/product\/9173","targetHints":{"allow":["GET"]}}],"collection":[{"href":"https:\/\/divainers.com\/de\/wp-json\/wp\/v2\/product"}],"about":[{"href":"https:\/\/divainers.com\/de\/wp-json\/wp\/v2\/types\/product"}],"replies":[{"embeddable":true,"href":"https:\/\/divainers.com\/de\/wp-json\/wp\/v2\/comments?post=9173"}],"wp:featuredmedia":[{"embeddable":true,"href":"https:\/\/divainers.com\/de\/wp-json\/wp\/v2\/media\/9172"}],"wp:attachment":[{"href":"https:\/\/divainers.com\/de\/wp-json\/wp\/v2\/media?parent=9173"}],"wp:term":[{"taxonomy":"product_brand","embeddable":true,"href":"https:\/\/divainers.com\/de\/wp-json\/wp\/v2\/product_brand?post=9173"},{"taxonomy":"product_cat","embeddable":true,"href":"https:\/\/divainers.com\/de\/wp-json\/wp\/v2\/product_cat?post=9173"},{"taxonomy":"product_tag","embeddable":true,"href":"https:\/\/divainers.com\/de\/wp-json\/wp\/v2\/product_tag?post=9173"}],"curies":[{"name":"wp","href":"https:\/\/api.w.org\/{rel}","templated":true}]}}