{"id":928,"date":"2025-01-31T08:33:04","date_gmt":"2025-01-31T07:33:04","guid":{"rendered":"https:\/\/divainers.com\/producto\/divain-648\/"},"modified":"2026-03-16T16:08:05","modified_gmt":"2026-03-16T15:08:05","slug":"divain-648","status":"publish","type":"product","link":"https:\/\/divainers.com\/de\/producto\/divain-648\/","title":{"rendered":"divain.648"},"content":{"rendered":"<p class=\"\" data-start=\"0\" data-end=\"526\">Un perfume que celebra la autenticidad y la alegr\u00eda de ser uno mismo. <em data-start=\"70\" data-end=\"79\">Perfect<\/em> de Marc Jacobs es una fragancia fresca, luminosa y un tanto juguetona, que evoca una sensaci\u00f3n de felicidad y libertad. Desde la apertura, las notas de ruibarbo y narciso brindan una frescura vibrante, seguida por un coraz\u00f3n suave y floral de almendra y flor de cerezo, que aportan un toque delicado y reconfortante. En el fondo, la madera de s\u00e1ndalo y el almizcle crean una base c\u00e1lida y cremosa, que aporta una sensaci\u00f3n de suavidad y cercan\u00eda.<\/p>\n<p class=\"\" data-start=\"528\" data-end=\"828\">Ideal para quienes buscan una fragancia alegre y vers\u00e1til, <em data-start=\"587\" data-end=\"596\">Perfect<\/em> es perfecta para el d\u00eda a d\u00eda, aportando una energ\u00eda positiva y natural. Su combinaci\u00f3n de frescura, dulzura y elegancia lo convierte en un perfume ideal para la mujer que quiere sentir confianza y autenticidad en cada paso que da.<\/p>\n","protected":false},"excerpt":{"rendered":"<p>Recuerda a Perfect de Marc Jacobs<\/p>\n","protected":false},"featured_media":3013,"comment_status":"open","ping_status":"closed","template":"","meta":[],"product_brand":[],"product_cat":[709],"product_tag":[1426],"class_list":{"0":"post-928","1":"product","2":"type-product","3":"status-publish","4":"has-post-thumbnail","6":"product_cat-marc-jacobs","7":"product_tag-kvinder","9":"first","10":"instock","11":"shipping-taxable","12":"product-type-simple"},"_links":{"self":[{"href":"https:\/\/divainers.com\/de\/wp-json\/wp\/v2\/product\/928","targetHints":{"allow":["GET"]}}],"collection":[{"href":"https:\/\/divainers.com\/de\/wp-json\/wp\/v2\/product"}],"about":[{"href":"https:\/\/divainers.com\/de\/wp-json\/wp\/v2\/types\/product"}],"replies":[{"embeddable":true,"href":"https:\/\/divainers.com\/de\/wp-json\/wp\/v2\/comments?post=928"}],"wp:featuredmedia":[{"embeddable":true,"href":"https:\/\/divainers.com\/de\/wp-json\/wp\/v2\/media\/3013"}],"wp:attachment":[{"href":"https:\/\/divainers.com\/de\/wp-json\/wp\/v2\/media?parent=928"}],"wp:term":[{"taxonomy":"product_brand","embeddable":true,"href":"https:\/\/divainers.com\/de\/wp-json\/wp\/v2\/product_brand?post=928"},{"taxonomy":"product_cat","embeddable":true,"href":"https:\/\/divainers.com\/de\/wp-json\/wp\/v2\/product_cat?post=928"},{"taxonomy":"product_tag","embeddable":true,"href":"https:\/\/divainers.com\/de\/wp-json\/wp\/v2\/product_tag?post=928"}],"curies":[{"name":"wp","href":"https:\/\/api.w.org\/{rel}","templated":true}]}}