{"id":9439,"date":"2025-01-31T08:32:10","date_gmt":"2025-01-31T07:32:10","guid":{"rendered":"https:\/\/divainers.com\/producto\/divain-935\/"},"modified":"2026-04-30T09:55:28","modified_gmt":"2026-04-30T07:55:28","slug":"divain-935","status":"publish","type":"product","link":"https:\/\/divainers.com\/de\/producto\/divain-935\/","title":{"rendered":"divain.935"},"content":{"rendered":"<p>Ein lebendiger und spritziger Duft, der die Sinne mit einer Explosion von Frische und Energie weckt. Von der ersten Note an verbinden sich die Zitrusnoten von Orange und Zitrone mit einem Hauch Mandarine und schaffen ein Gef\u00fchl von Licht und Vitalit\u00e4t, wie ein Sonnenstrahl an einem strahlenden Tag. W\u00e4hrend sich der Duft entfaltet, f\u00fcgt ein sanfter floraler Akkord aus Jasmin und Rosen eine feminine Zartheit hinzu, w\u00e4hrend eine warme Basis aus Moschus und Zeder eine holzige Grundlage bietet, die Frische und Sanftheit ausbalanciert. Dieses Parfum ist perfekt f\u00fcr alle, die ein erfrischendes und fr\u00f6hliches Dufterlebnis suchen, das eine leichte, frische und lebendige Spur hinterl\u00e4sst \u2013 ideal f\u00fcr Momente der Freiheit und des Optimismus.<\/p>\n","protected":false},"excerpt":{"rendered":"<p>Erinnert an Chispas de Dana<\/p>\n","protected":false},"featured_media":3215,"comment_status":"open","ping_status":"closed","template":"","meta":[],"product_brand":[],"product_cat":[2320],"product_tag":[2321],"class_list":{"0":"post-9439","1":"product","2":"type-product","3":"status-publish","4":"has-post-thumbnail","6":"product_cat-dana","7":"product_tag-ninos-y-ninas","9":"first","10":"instock","11":"shipping-taxable","12":"product-type-simple"},"_links":{"self":[{"href":"https:\/\/divainers.com\/de\/wp-json\/wp\/v2\/product\/9439","targetHints":{"allow":["GET"]}}],"collection":[{"href":"https:\/\/divainers.com\/de\/wp-json\/wp\/v2\/product"}],"about":[{"href":"https:\/\/divainers.com\/de\/wp-json\/wp\/v2\/types\/product"}],"replies":[{"embeddable":true,"href":"https:\/\/divainers.com\/de\/wp-json\/wp\/v2\/comments?post=9439"}],"wp:featuredmedia":[{"embeddable":true,"href":"https:\/\/divainers.com\/de\/wp-json\/wp\/v2\/media\/3215"}],"wp:attachment":[{"href":"https:\/\/divainers.com\/de\/wp-json\/wp\/v2\/media?parent=9439"}],"wp:term":[{"taxonomy":"product_brand","embeddable":true,"href":"https:\/\/divainers.com\/de\/wp-json\/wp\/v2\/product_brand?post=9439"},{"taxonomy":"product_cat","embeddable":true,"href":"https:\/\/divainers.com\/de\/wp-json\/wp\/v2\/product_cat?post=9439"},{"taxonomy":"product_tag","embeddable":true,"href":"https:\/\/divainers.com\/de\/wp-json\/wp\/v2\/product_tag?post=9439"}],"curies":[{"name":"wp","href":"https:\/\/api.w.org\/{rel}","templated":true}]}}