{"id":953,"date":"2025-01-31T08:33:08","date_gmt":"2025-01-31T07:33:08","guid":{"rendered":"https:\/\/divainers.com\/producto\/divain-790\/"},"modified":"2026-03-16T16:08:08","modified_gmt":"2026-03-16T15:08:08","slug":"divain-790","status":"publish","type":"product","link":"https:\/\/divainers.com\/de\/producto\/divain-790\/","title":{"rendered":"divain.790"},"content":{"rendered":"<p>\u200b<span class=\"relative -mx-px my-[-0.2rem] rounded px-px py-[0.2rem]\">Esta fragancia femenina se inicia con una apertura juguetona y dulce, donde un acorde de goma de mascar se combina con notas c\u00edtricas de lim\u00f3n y naranja italianos, creando una sensaci\u00f3n de frescura y diversi\u00f3n.<\/span> <span class=\"relative -mx-px my-[-0.2rem] rounded px-px py-[0.2rem]\">En el coraz\u00f3n, la flor de durazno, la rosa b\u00falgara, el durazno y la flor de durazno aportan una riqueza floral y afrutada que envuelve los sentidos en una experiencia sofisticada.<\/span> <span class=\"relative -mx-px my-[-0.2rem] rounded px-px py-[0.2rem]\">La base de madera de cedro, almizcle y ambrofix a\u00f1ade profundidad y calidez, completando una composici\u00f3n que evoca la feminidad y la elegancia modernas.<\/span> <span class=\"relative -mx-px my-[-0.2rem] rounded px-px py-[0.2rem]\">Lanzada en 2021, esta fragancia ofrece una experiencia sensorial \u00fanica que perdura en el tiempo.<\/span><\/p>\n","protected":false},"excerpt":{"rendered":"<p>Recuerda a Toy 2 Bubble Gum de Moschino<\/p>\n","protected":false},"featured_media":3306,"comment_status":"open","ping_status":"closed","template":"","meta":[],"product_brand":[],"product_cat":[743],"product_tag":[38],"class_list":{"0":"post-953","1":"product","2":"type-product","3":"status-publish","4":"has-post-thumbnail","6":"product_cat-moschino","7":"product_tag-mujer","9":"first","10":"instock","11":"shipping-taxable","12":"product-type-simple"},"_links":{"self":[{"href":"https:\/\/divainers.com\/de\/wp-json\/wp\/v2\/product\/953","targetHints":{"allow":["GET"]}}],"collection":[{"href":"https:\/\/divainers.com\/de\/wp-json\/wp\/v2\/product"}],"about":[{"href":"https:\/\/divainers.com\/de\/wp-json\/wp\/v2\/types\/product"}],"replies":[{"embeddable":true,"href":"https:\/\/divainers.com\/de\/wp-json\/wp\/v2\/comments?post=953"}],"wp:featuredmedia":[{"embeddable":true,"href":"https:\/\/divainers.com\/de\/wp-json\/wp\/v2\/media\/3306"}],"wp:attachment":[{"href":"https:\/\/divainers.com\/de\/wp-json\/wp\/v2\/media?parent=953"}],"wp:term":[{"taxonomy":"product_brand","embeddable":true,"href":"https:\/\/divainers.com\/de\/wp-json\/wp\/v2\/product_brand?post=953"},{"taxonomy":"product_cat","embeddable":true,"href":"https:\/\/divainers.com\/de\/wp-json\/wp\/v2\/product_cat?post=953"},{"taxonomy":"product_tag","embeddable":true,"href":"https:\/\/divainers.com\/de\/wp-json\/wp\/v2\/product_tag?post=953"}],"curies":[{"name":"wp","href":"https:\/\/api.w.org\/{rel}","templated":true}]}}