{"id":979,"date":"2025-01-31T08:33:12","date_gmt":"2025-01-31T07:33:12","guid":{"rendered":"https:\/\/divainers.com\/producto\/divain-749\/"},"modified":"2026-03-16T16:08:10","modified_gmt":"2026-03-16T15:08:10","slug":"divain-749","status":"publish","type":"product","link":"https:\/\/divainers.com\/de\/producto\/divain-749\/","title":{"rendered":"divain.749"},"content":{"rendered":"<p>Es una fragancia que captura la esencia de un jard\u00edn de rosas en plena floraci\u00f3n. Abre con una explosi\u00f3n fresca y luminosa de c\u00edtricos y frutos rojos, que aportan un toque jugoso y vibrante. En el coraz\u00f3n, predomina una rosa elegante y aterciopelada, acompa\u00f1ada de delicadas notas florales blancas que le otorgan feminidad y romanticismo. La base es c\u00e1lida y envolvente, con acordes amaderados y un sutil toque de almizcle, que prolongan su estela con suavidad y sofisticaci\u00f3n. Es un aroma rom\u00e1ntico y atemporal, perfecto para quienes buscan una fragancia floral refinada y delicada.<\/p>\n","protected":false},"excerpt":{"rendered":"<p>Recuerda a Rose Garden de Nina Ricci<\/p>\n","protected":false},"featured_media":3059,"comment_status":"open","ping_status":"closed","template":"","meta":[],"product_brand":[],"product_cat":[771],"product_tag":[1420],"class_list":{"0":"post-979","1":"product","2":"type-product","3":"status-publish","4":"has-post-thumbnail","6":"product_cat-nina-ricci","7":"product_tag-frauen","9":"first","10":"instock","11":"shipping-taxable","12":"product-type-simple"},"_links":{"self":[{"href":"https:\/\/divainers.com\/de\/wp-json\/wp\/v2\/product\/979","targetHints":{"allow":["GET"]}}],"collection":[{"href":"https:\/\/divainers.com\/de\/wp-json\/wp\/v2\/product"}],"about":[{"href":"https:\/\/divainers.com\/de\/wp-json\/wp\/v2\/types\/product"}],"replies":[{"embeddable":true,"href":"https:\/\/divainers.com\/de\/wp-json\/wp\/v2\/comments?post=979"}],"wp:featuredmedia":[{"embeddable":true,"href":"https:\/\/divainers.com\/de\/wp-json\/wp\/v2\/media\/3059"}],"wp:attachment":[{"href":"https:\/\/divainers.com\/de\/wp-json\/wp\/v2\/media?parent=979"}],"wp:term":[{"taxonomy":"product_brand","embeddable":true,"href":"https:\/\/divainers.com\/de\/wp-json\/wp\/v2\/product_brand?post=979"},{"taxonomy":"product_cat","embeddable":true,"href":"https:\/\/divainers.com\/de\/wp-json\/wp\/v2\/product_cat?post=979"},{"taxonomy":"product_tag","embeddable":true,"href":"https:\/\/divainers.com\/de\/wp-json\/wp\/v2\/product_tag?post=979"}],"curies":[{"name":"wp","href":"https:\/\/api.w.org\/{rel}","templated":true}]}}