{"id":6623,"date":"2025-09-04T14:13:46","date_gmt":"2025-09-04T12:13:46","guid":{"rendered":"https:\/\/divainers.com\/%ce%b1%cf%81%cf%87%ce%b9%ce%ba%ce%ae-%cf%83%ce%b5%ce%bb%ce%af%ce%b4%ce%b1\/"},"modified":"2026-03-16T17:01:57","modified_gmt":"2026-03-16T16:01:57","slug":"%ce%b1%cf%81%cf%87%ce%b9%ce%ba%ce%ae-%cf%83%ce%b5%ce%bb%ce%af%ce%b4%ce%b1","status":"publish","type":"page","link":"https:\/\/divainers.com\/el\/","title":{"rendered":"\u0391\u03c1\u03c7\u03b9\u03ba\u03ae \u03c3\u03b5\u03bb\u03af\u03b4\u03b1"},"content":{"rendered":"<p><\/p><h2 class=\"wp-block-heading has-text-align-center\">\u0395\u03bb\u03ad\u03b3\u03be\u03c4\u03b5 \u03c4\u03bf\u03bd <a href=\"https:\/\/divainers.com\/tabla-equivalencias-divain\/\" data-type=\"link\" data-id=\"https:\/\/divainers.com\/tabla-equivalencias-divain\/\">\u03c0\u03af\u03bd\u03b1\u03ba\u03b1 \u03b9\u03c3\u03bf\u03b4\u03c5\u03bd\u03b1\u03bc\u03af\u03b1\u03c2<\/a> \u03ae \u03b1\u03bd\u03b1\u03b6\u03b7\u03c4\u03ae\u03c3\u03c4\u03b5 \u03c4\u03bf \u03ac\u03c1\u03c9\u03bc\u03ac \u03c3\u03b1\u03c2<\/h2><form role=\"search\" method=\"get\" action=\"https:\/\/divainers.com\/el\/\" style=\"margin-top:var(--wp--preset--spacing--small);margin-bottom:var(--wp--preset--spacing--small);\" class=\"wp-block-search__button-outside wp-block-search__text-button wp-block-search\"    ><label class=\"wp-block-search__label screen-reader-text\" for=\"wp-block-search__input-1\" >\u0391\u03bd\u03b1\u03b6\u03ae\u03c4\u03b7\u03c3\u03b7<\/label><div class=\"wp-block-search__inside-wrapper\" ><input class=\"wp-block-search__input\" id=\"wp-block-search__input-1\" placeholder=\"\u0392\u03c1\u03b5\u03af\u03c4\u03b5 \u03c4\u03bf \u03ac\u03c1\u03c9\u03bc\u03ac \u03c3\u03b1\u03c2\" value=\"\" type=\"search\" name=\"s\" required \/><input type=\"hidden\" name=\"post_type\" value=\"product\" \/><button aria-label=\"\u0391\u03bd\u03b1\u03b6\u03ae\u03c4\u03b7\u03c3\u03b7\" class=\"wp-block-search__button wp-element-button\" type=\"submit\" >\u0391\u03bd\u03b1\u03b6\u03ae\u03c4\u03b7\u03c3\u03b7<\/button><\/div><\/form><div data-wc-navigation-id=\"wc-product-collection-0\" data-wc-context=\"{&quot;collection&quot;:&quot;woocommerce\\\/product-collection\\\/top-rated&quot;,&quot;accessibilityLoadingMessage&quot;:&quot;Loading page, please wait.&quot;,&quot;accessibilityLoadedMessage&quot;:&quot;Page Loaded.&quot;,&quot;isPrefetchNextOrPreviousLink&quot;:false}\" data-wc-init=\"callbacks.onRender\" data-wc-interactive=\"{&quot;namespace&quot;:&quot;woocommerce\\\/product-collection&quot;}\" data-__private-preview-state=\"{&quot;isPreview&quot;:false,&quot;previewMessage&quot;:&quot;Los productos reales pueden diferir en funci\\u00f3n de la p\\u00e1gina en la que se est\\u00e9n viendo.&quot;}\" data-block-name=\"woocommerce\/product-collection\" data-collection=\"woocommerce\/product-collection\/top-rated\" data-dimensions=\"{&quot;widthType&quot;:&quot;fill&quot;}\" data-display-layout=\"{&quot;type&quot;:&quot;flex&quot;,&quot;columns&quot;:5,&quot;shrinkColumns&quot;:true}\" data-hide-controls=\"[&quot;inherit&quot;,&quot;order&quot;,&quot;filterable&quot;]\" data-query-context-includes=\"[&quot;collection&quot;]\" data-query-id=\"0\" data-query=\"{&quot;perPage&quot;:5,&quot;pages&quot;:1,&quot;offset&quot;:0,&quot;postType&quot;:&quot;product&quot;,&quot;order&quot;:&quot;desc&quot;,&quot;orderBy&quot;:&quot;rating&quot;,&quot;search&quot;:&quot;&quot;,&quot;exclude&quot;:[],&quot;inherit&quot;:false,&quot;taxQuery&quot;:[],&quot;isProductCollectionBlock&quot;:true,&quot;featured&quot;:false,&quot;woocommerceOnSale&quot;:false,&quot;woocommerceStockStatus&quot;:[&quot;instock&quot;,&quot;outofstock&quot;,&quot;onbackorder&quot;],&quot;woocommerceAttributes&quot;:[],&quot;woocommerceHandPickedProducts&quot;:[],&quot;filterable&quot;:false,&quot;relatedBy&quot;:{&quot;categories&quot;:true,&quot;tags&quot;:true}}\" data-tag-name=\"div\" class=\"wp-block-woocommerce-product-collection is-layout-flow wp-block-woocommerce-product-collection-is-layout-flow\"><h2 class=\"wp-block-heading has-text-align-center\" style=\"margin-bottom:1rem\">\u0391\u03c1\u03ce\u03bc\u03b1\u03c4\u03b1<\/h2>\n\n<ul class=\"wc-block-product-template__responsive columns-5 wc-block-product-template wp-block-woocommerce-product-template\"><li class=\"wc-block-product post-1207 product type-product status-publish has-post-thumbnail product_cat-xerjoff product_tag-unisex first instock shipping-taxable product-type-simple\"\n\t\t\t\t\t\n\t\t\t\tdata-wc-interactive='{\"namespace\":\"woocommerce\\\/product-collection\"}'\n\t\t\t\tdata-wc-context='{\"productId\":1207}'\n\t\t\t\tdata-wc-key=\"product-item-1207\"\n\t\t\t\n\t\t\t\t>\n\t\t\t\t\t<div data-block-name=\"woocommerce\/product-image\" data-image-sizing=\"thumbnail\" data-is-descendent-of-query-loop=\"true\" class=\"wc-block-components-product-image wc-block-grid__product-image wp-block-woocommerce-product-image\">\n\t\t\t\t\t<a href=\"https:\/\/divainers.com\/el\/producto\/divain-731\/\" style=\"\" data-wc-on--click=\"woocommerce\/product-collection::actions.viewProduct\"> <img loading=\"lazy\" decoding=\"async\" width=\"300\" height=\"300\" src=\"https:\/\/divainers.com\/wp-content\/uploads\/2026\/04\/perfume-11-1-1-300x300.png\" class=\"attachment-woocommerce_thumbnail size-woocommerce_thumbnail\" alt=\"divain.731\" data-testid=\"product-image\" style=\"max-width:none;object-fit:cover;\" title=\"perfume-11-1-1.png\" srcset=\"https:\/\/divainers.com\/wp-content\/uploads\/2026\/04\/perfume-11-1-1-300x300.png 300w, https:\/\/divainers.com\/wp-content\/uploads\/2026\/04\/perfume-11-1-1-1024x1024.png 1024w, https:\/\/divainers.com\/wp-content\/uploads\/2026\/04\/perfume-11-1-1-150x150.png 150w, https:\/\/divainers.com\/wp-content\/uploads\/2026\/04\/perfume-11-1-1-600x600.png 600w, https:\/\/divainers.com\/wp-content\/uploads\/2026\/04\/perfume-11-1-1.png 1200w\" sizes=\"auto, 100vw\" \/><\/a>\n\t\t\t\t<\/div>\n\n<h3 style=\"margin-bottom:0.75rem;margin-top:0;\" class=\"has-text-align-center wp-block-post-title has-medium-font-size\"><a data-wc-on--click=\"woocommerce\/product-collection::actions.viewProduct\" href=\"https:\/\/divainers.com\/el\/producto\/divain-731\/\" target=\"_self\" >divain.731<\/a><\/h3>\n\n<div data-block-name=\"woocommerce\/product-summary\" data-is-descendent-of-query-loop=\"true\" class=\"wp-block-woocommerce-product-summary\"><div class=\"wc-block-components-product-summary \" style=\"\">\n\t\t\t\t<p>Podsje\u0107a na More Than Words od Xerjoff<\/p>\n\n\t\t\t<\/div><\/div>\n\n<div data-block-name=\"woocommerce\/product-button\" data-font-size=\"small\" data-is-descendent-of-query-loop=\"true\" data-text-align=\"center\" class=\"wp-block-button wc-block-components-product-button   align-center wp-block-woocommerce-product-button has-small-font-size\"\n\t\t\t\t\t\t\n\t\t\t\t\t>\n\t\t\t\t\t\t<a\n\t\t\t\t\t\t\thref=\"https:\/\/divainers.com\/el\/producto\/divain-731\/\"\n\t\t\t\t\t\t\tclass=\"wp-block-button__link wp-element-button wc-block-components-product-button__button product_type_simple has-font-size has-small-font-size has-text-align-center wc-interactive\"\n\t\t\t\t\t\t\tstyle=\"\"\n\t\t\t\t\t\t\tdata-product_id=\"1207\" data-product_sku=\"DIVAIN-731\" aria-label=\"\u0394\u03b9\u03b1\u03b2\u03ac\u03c3\u03c4\u03b5 \u03c0\u03b5\u03c1\u03b9\u03c3\u03c3\u03cc\u03c4\u03b5\u03c1\u03b1 \u03b3\u03b9\u03b1 &ldquo;divain.731&rdquo;\" rel=\"nofollow\"\n\t\t\t\t\t\t\t\n\t\t\t\tdata-wc-on--click=\"woocommerce\/product-collection::actions.viewProduct\"\n\t\t\t\n\t\t\t\t\t\t>\n\t\t\t\t\t\t<span > \u0394\u03b9\u03b1\u03b2\u03ac\u03c3\u03c4\u03b5 \u03c0\u03b5\u03c1\u03b9\u03c3\u03c3\u03cc\u03c4\u03b5\u03c1\u03b1 <\/span>\n\t\t\t\t\t\t<\/a>\n\t\t\t\t\t\t\n\t\t\t\t\t<\/div>\n\t\t\t\t<\/li><li class=\"wc-block-product post-1230 product type-product status-publish has-post-thumbnail product_cat-yves-saint-laurent product_tag-mujer  instock shipping-taxable product-type-simple\"\n\t\t\t\t\t\n\t\t\t\tdata-wc-interactive='{\"namespace\":\"woocommerce\\\/product-collection\"}'\n\t\t\t\tdata-wc-context='{\"productId\":1230}'\n\t\t\t\tdata-wc-key=\"product-item-1230\"\n\t\t\t\n\t\t\t\t>\n\t\t\t\t\t<div data-block-name=\"woocommerce\/product-image\" data-image-sizing=\"thumbnail\" data-is-descendent-of-query-loop=\"true\" class=\"wc-block-components-product-image wc-block-grid__product-image wp-block-woocommerce-product-image\">\n\t\t\t\t\t<a href=\"https:\/\/divainers.com\/el\/producto\/divain-883\/\" style=\"\" data-wc-on--click=\"woocommerce\/product-collection::actions.viewProduct\"> <img loading=\"lazy\" decoding=\"async\" width=\"300\" height=\"300\" src=\"https:\/\/divainers.com\/wp-content\/uploads\/2026\/04\/perfume-2025-03-31T124911.974-1-300x300.png\" class=\"attachment-woocommerce_thumbnail size-woocommerce_thumbnail\" alt=\"divain.883\" data-testid=\"product-image\" style=\"max-width:none;object-fit:cover;\" title=\"perfume-2025-03-31T124911.974-1.png\" srcset=\"https:\/\/divainers.com\/wp-content\/uploads\/2026\/04\/perfume-2025-03-31T124911.974-1-300x300.png 300w, https:\/\/divainers.com\/wp-content\/uploads\/2026\/04\/perfume-2025-03-31T124911.974-1-1024x1024.png 1024w, https:\/\/divainers.com\/wp-content\/uploads\/2026\/04\/perfume-2025-03-31T124911.974-1-150x150.png 150w, https:\/\/divainers.com\/wp-content\/uploads\/2026\/04\/perfume-2025-03-31T124911.974-1-600x600.png 600w, https:\/\/divainers.com\/wp-content\/uploads\/2026\/04\/perfume-2025-03-31T124911.974-1.png 1200w\" sizes=\"auto, 100vw\" \/><\/a>\n\t\t\t\t<\/div>\n\n<h3 style=\"margin-bottom:0.75rem;margin-top:0;\" class=\"has-text-align-center wp-block-post-title has-medium-font-size\"><a data-wc-on--click=\"woocommerce\/product-collection::actions.viewProduct\" href=\"https:\/\/divainers.com\/el\/producto\/divain-883\/\" target=\"_self\" >divain.883<\/a><\/h3>\n\n<div data-block-name=\"woocommerce\/product-summary\" data-is-descendent-of-query-loop=\"true\" class=\"wp-block-woocommerce-product-summary\"><div class=\"wc-block-components-product-summary \" style=\"\">\n\t\t\t\t<p>Podsje\u0107a na Black Opium Over Red od Yves Saint Laurent<\/p>\n\n\t\t\t<\/div><\/div>\n\n<div data-block-name=\"woocommerce\/product-button\" data-font-size=\"small\" data-is-descendent-of-query-loop=\"true\" data-text-align=\"center\" class=\"wp-block-button wc-block-components-product-button   align-center wp-block-woocommerce-product-button has-small-font-size\"\n\t\t\t\t\t\t\n\t\t\t\t\t>\n\t\t\t\t\t\t<a\n\t\t\t\t\t\t\thref=\"https:\/\/divainers.com\/el\/producto\/divain-883\/\"\n\t\t\t\t\t\t\tclass=\"wp-block-button__link wp-element-button wc-block-components-product-button__button product_type_simple has-font-size has-small-font-size has-text-align-center wc-interactive\"\n\t\t\t\t\t\t\tstyle=\"\"\n\t\t\t\t\t\t\tdata-product_id=\"1230\" data-product_sku=\"DIVAIN-883\" aria-label=\"\u0394\u03b9\u03b1\u03b2\u03ac\u03c3\u03c4\u03b5 \u03c0\u03b5\u03c1\u03b9\u03c3\u03c3\u03cc\u03c4\u03b5\u03c1\u03b1 \u03b3\u03b9\u03b1 &ldquo;divain.883&rdquo;\" rel=\"nofollow\"\n\t\t\t\t\t\t\t\n\t\t\t\tdata-wc-on--click=\"woocommerce\/product-collection::actions.viewProduct\"\n\t\t\t\n\t\t\t\t\t\t>\n\t\t\t\t\t\t<span > \u0394\u03b9\u03b1\u03b2\u03ac\u03c3\u03c4\u03b5 \u03c0\u03b5\u03c1\u03b9\u03c3\u03c3\u03cc\u03c4\u03b5\u03c1\u03b1 <\/span>\n\t\t\t\t\t\t<\/a>\n\t\t\t\t\t\t\n\t\t\t\t\t<\/div>\n\t\t\t\t<\/li><li class=\"wc-block-product post-383 product type-product status-publish has-post-thumbnail product_cat-by-kilian product_tag-mujer  instock shipping-taxable product-type-simple\"\n\t\t\t\t\t\n\t\t\t\tdata-wc-interactive='{\"namespace\":\"woocommerce\\\/product-collection\"}'\n\t\t\t\tdata-wc-context='{\"productId\":383}'\n\t\t\t\tdata-wc-key=\"product-item-383\"\n\t\t\t\n\t\t\t\t>\n\t\t\t\t\t<div data-block-name=\"woocommerce\/product-image\" data-image-sizing=\"thumbnail\" data-is-descendent-of-query-loop=\"true\" class=\"wc-block-components-product-image wc-block-grid__product-image wp-block-woocommerce-product-image\">\n\t\t\t\t\t<a href=\"https:\/\/divainers.com\/el\/producto\/divain-906\/\" style=\"\" data-wc-on--click=\"woocommerce\/product-collection::actions.viewProduct\"> <img loading=\"lazy\" decoding=\"async\" width=\"300\" height=\"300\" src=\"https:\/\/divainers.com\/wp-content\/uploads\/2026\/04\/perfume-2025-03-31T135723.124-2-300x300.png\" class=\"attachment-woocommerce_thumbnail size-woocommerce_thumbnail\" alt=\"divain.906\" data-testid=\"product-image\" style=\"max-width:none;object-fit:cover;\" title=\"perfume-2025-03-31T135723.124-2.png\" srcset=\"https:\/\/divainers.com\/wp-content\/uploads\/2026\/04\/perfume-2025-03-31T135723.124-2-300x300.png 300w, https:\/\/divainers.com\/wp-content\/uploads\/2026\/04\/perfume-2025-03-31T135723.124-2-1024x1024.png 1024w, https:\/\/divainers.com\/wp-content\/uploads\/2026\/04\/perfume-2025-03-31T135723.124-2-150x150.png 150w, https:\/\/divainers.com\/wp-content\/uploads\/2026\/04\/perfume-2025-03-31T135723.124-2-600x600.png 600w, https:\/\/divainers.com\/wp-content\/uploads\/2026\/04\/perfume-2025-03-31T135723.124-2.png 1200w\" sizes=\"auto, 100vw\" \/><\/a>\n\t\t\t\t<\/div>\n\n<h3 style=\"margin-bottom:0.75rem;margin-top:0;\" class=\"has-text-align-center wp-block-post-title has-medium-font-size\"><a data-wc-on--click=\"woocommerce\/product-collection::actions.viewProduct\" href=\"https:\/\/divainers.com\/el\/producto\/divain-906\/\" target=\"_self\" >divain.906<\/a><\/h3>\n\n<div data-block-name=\"woocommerce\/product-summary\" data-is-descendent-of-query-loop=\"true\" class=\"wp-block-woocommerce-product-summary\"><div class=\"wc-block-components-product-summary \" style=\"\">\n\t\t\t\t<p>P\u0159ipom\u00edn\u00e1 Love Don&#8217;t Be Shy by Kilian<\/p>\n\n\t\t\t<\/div><\/div>\n\n<div data-block-name=\"woocommerce\/product-button\" data-font-size=\"small\" data-is-descendent-of-query-loop=\"true\" data-text-align=\"center\" class=\"wp-block-button wc-block-components-product-button   align-center wp-block-woocommerce-product-button has-small-font-size\"\n\t\t\t\t\t\t\n\t\t\t\t\t>\n\t\t\t\t\t\t<a\n\t\t\t\t\t\t\thref=\"https:\/\/divainers.com\/el\/producto\/divain-906\/\"\n\t\t\t\t\t\t\tclass=\"wp-block-button__link wp-element-button wc-block-components-product-button__button product_type_simple has-font-size has-small-font-size has-text-align-center wc-interactive\"\n\t\t\t\t\t\t\tstyle=\"\"\n\t\t\t\t\t\t\tdata-product_id=\"383\" data-product_sku=\"DIVAIN-906\" aria-label=\"\u0394\u03b9\u03b1\u03b2\u03ac\u03c3\u03c4\u03b5 \u03c0\u03b5\u03c1\u03b9\u03c3\u03c3\u03cc\u03c4\u03b5\u03c1\u03b1 \u03b3\u03b9\u03b1 &ldquo;divain.906&rdquo;\" rel=\"nofollow\"\n\t\t\t\t\t\t\t\n\t\t\t\tdata-wc-on--click=\"woocommerce\/product-collection::actions.viewProduct\"\n\t\t\t\n\t\t\t\t\t\t>\n\t\t\t\t\t\t<span > \u0394\u03b9\u03b1\u03b2\u03ac\u03c3\u03c4\u03b5 \u03c0\u03b5\u03c1\u03b9\u03c3\u03c3\u03cc\u03c4\u03b5\u03c1\u03b1 <\/span>\n\t\t\t\t\t\t<\/a>\n\t\t\t\t\t\t\n\t\t\t\t\t<\/div>\n\t\t\t\t<\/li><li class=\"wc-block-product post-1231 product type-product status-publish has-post-thumbnail product_cat-yves-saint-laurent product_tag-unisex last instock shipping-taxable product-type-simple\"\n\t\t\t\t\t\n\t\t\t\tdata-wc-interactive='{\"namespace\":\"woocommerce\\\/product-collection\"}'\n\t\t\t\tdata-wc-context='{\"productId\":1231}'\n\t\t\t\tdata-wc-key=\"product-item-1231\"\n\t\t\t\n\t\t\t\t>\n\t\t\t\t\t<div data-block-name=\"woocommerce\/product-image\" data-image-sizing=\"thumbnail\" data-is-descendent-of-query-loop=\"true\" class=\"wc-block-components-product-image wc-block-grid__product-image wp-block-woocommerce-product-image\">\n\t\t\t\t\t<a href=\"https:\/\/divainers.com\/el\/producto\/divain-943\/\" style=\"\" data-wc-on--click=\"woocommerce\/product-collection::actions.viewProduct\"> <img loading=\"lazy\" decoding=\"async\" width=\"300\" height=\"300\" src=\"https:\/\/divainers.com\/wp-content\/uploads\/2026\/04\/perfume-2025-03-31T145939.346-1-300x300.png\" class=\"attachment-woocommerce_thumbnail size-woocommerce_thumbnail\" alt=\"divain.943\" data-testid=\"product-image\" style=\"max-width:none;object-fit:cover;\" title=\"perfume-2025-03-31T145939.346-1.png\" srcset=\"https:\/\/divainers.com\/wp-content\/uploads\/2026\/04\/perfume-2025-03-31T145939.346-1-300x300.png 300w, https:\/\/divainers.com\/wp-content\/uploads\/2026\/04\/perfume-2025-03-31T145939.346-1-1024x1024.png 1024w, https:\/\/divainers.com\/wp-content\/uploads\/2026\/04\/perfume-2025-03-31T145939.346-1-150x150.png 150w, https:\/\/divainers.com\/wp-content\/uploads\/2026\/04\/perfume-2025-03-31T145939.346-1-600x600.png 600w, https:\/\/divainers.com\/wp-content\/uploads\/2026\/04\/perfume-2025-03-31T145939.346-1.png 1200w\" sizes=\"auto, 100vw\" \/><\/a>\n\t\t\t\t<\/div>\n\n<h3 style=\"margin-bottom:0.75rem;margin-top:0;\" class=\"has-text-align-center wp-block-post-title has-medium-font-size\"><a data-wc-on--click=\"woocommerce\/product-collection::actions.viewProduct\" href=\"https:\/\/divainers.com\/el\/producto\/divain-943\/\" target=\"_self\" >divain.943<\/a><\/h3>\n\n<div data-block-name=\"woocommerce\/product-summary\" data-is-descendent-of-query-loop=\"true\" class=\"wp-block-woocommerce-product-summary\"><div class=\"wc-block-components-product-summary \" style=\"\">\n\t\t\t\t<p>Podsje\u0107a na Rouge Velours od Yves Saint Laurent<\/p>\n\n\t\t\t<\/div><\/div>\n\n<div data-block-name=\"woocommerce\/product-button\" data-font-size=\"small\" data-is-descendent-of-query-loop=\"true\" data-text-align=\"center\" class=\"wp-block-button wc-block-components-product-button   align-center wp-block-woocommerce-product-button has-small-font-size\"\n\t\t\t\t\t\t\n\t\t\t\t\t>\n\t\t\t\t\t\t<a\n\t\t\t\t\t\t\thref=\"https:\/\/divainers.com\/el\/producto\/divain-943\/\"\n\t\t\t\t\t\t\tclass=\"wp-block-button__link wp-element-button wc-block-components-product-button__button product_type_simple has-font-size has-small-font-size has-text-align-center wc-interactive\"\n\t\t\t\t\t\t\tstyle=\"\"\n\t\t\t\t\t\t\tdata-product_id=\"1231\" data-product_sku=\"DIVAIN-943\" aria-label=\"\u0394\u03b9\u03b1\u03b2\u03ac\u03c3\u03c4\u03b5 \u03c0\u03b5\u03c1\u03b9\u03c3\u03c3\u03cc\u03c4\u03b5\u03c1\u03b1 \u03b3\u03b9\u03b1 &ldquo;divain.943&rdquo;\" rel=\"nofollow\"\n\t\t\t\t\t\t\t\n\t\t\t\tdata-wc-on--click=\"woocommerce\/product-collection::actions.viewProduct\"\n\t\t\t\n\t\t\t\t\t\t>\n\t\t\t\t\t\t<span > \u0394\u03b9\u03b1\u03b2\u03ac\u03c3\u03c4\u03b5 \u03c0\u03b5\u03c1\u03b9\u03c3\u03c3\u03cc\u03c4\u03b5\u03c1\u03b1 <\/span>\n\t\t\t\t\t\t<\/a>\n\t\t\t\t\t\t\n\t\t\t\t\t<\/div>\n\t\t\t\t<\/li><li class=\"wc-block-product post-1222 product type-product status-publish has-post-thumbnail product_cat-yves-saint-laurent product_tag-hombre first instock shipping-taxable product-type-simple\"\n\t\t\t\t\t\n\t\t\t\tdata-wc-interactive='{\"namespace\":\"woocommerce\\\/product-collection\"}'\n\t\t\t\tdata-wc-context='{\"productId\":1222}'\n\t\t\t\tdata-wc-key=\"product-item-1222\"\n\t\t\t\n\t\t\t\t>\n\t\t\t\t\t<div data-block-name=\"woocommerce\/product-image\" data-image-sizing=\"thumbnail\" data-is-descendent-of-query-loop=\"true\" class=\"wc-block-components-product-image wc-block-grid__product-image wp-block-woocommerce-product-image\">\n\t\t\t\t\t<a href=\"https:\/\/divainers.com\/el\/producto\/divain-283\/\" style=\"\" data-wc-on--click=\"woocommerce\/product-collection::actions.viewProduct\"> <img loading=\"lazy\" decoding=\"async\" width=\"300\" height=\"300\" src=\"https:\/\/divainers.com\/wp-content\/uploads\/2026\/04\/283-1-300x300.png\" class=\"attachment-woocommerce_thumbnail size-woocommerce_thumbnail\" alt=\"divain.283\" data-testid=\"product-image\" style=\"max-width:none;object-fit:cover;\" title=\"283-1.png\" srcset=\"https:\/\/divainers.com\/wp-content\/uploads\/2026\/04\/283-1-300x300.png 300w, https:\/\/divainers.com\/wp-content\/uploads\/2026\/04\/283-1-1024x1024.png 1024w, https:\/\/divainers.com\/wp-content\/uploads\/2026\/04\/283-1-150x150.png 150w, https:\/\/divainers.com\/wp-content\/uploads\/2026\/04\/283-1-600x600.png 600w, https:\/\/divainers.com\/wp-content\/uploads\/2026\/04\/283-1.png 1200w\" sizes=\"auto, 100vw\" \/><\/a>\n\t\t\t\t<\/div>\n\n<h3 style=\"margin-bottom:0.75rem;margin-top:0;\" class=\"has-text-align-center wp-block-post-title has-medium-font-size\"><a data-wc-on--click=\"woocommerce\/product-collection::actions.viewProduct\" href=\"https:\/\/divainers.com\/el\/producto\/divain-283\/\" target=\"_self\" >divain.283<\/a><\/h3>\n\n<div data-block-name=\"woocommerce\/product-summary\" data-is-descendent-of-query-loop=\"true\" class=\"wp-block-woocommerce-product-summary\"><div class=\"wc-block-components-product-summary \" style=\"\">\n\t\t\t\t<p>Podsje\u0107a na M7 od Yves Saint Laurent<\/p>\n\n\t\t\t<\/div><\/div>\n\n<div data-block-name=\"woocommerce\/product-button\" data-font-size=\"small\" data-is-descendent-of-query-loop=\"true\" data-text-align=\"center\" class=\"wp-block-button wc-block-components-product-button   align-center wp-block-woocommerce-product-button has-small-font-size\"\n\t\t\t\t\t\t\n\t\t\t\t\t>\n\t\t\t\t\t\t<a\n\t\t\t\t\t\t\thref=\"https:\/\/divainers.com\/el\/producto\/divain-283\/\"\n\t\t\t\t\t\t\tclass=\"wp-block-button__link wp-element-button wc-block-components-product-button__button product_type_simple has-font-size has-small-font-size has-text-align-center wc-interactive\"\n\t\t\t\t\t\t\tstyle=\"\"\n\t\t\t\t\t\t\tdata-product_id=\"1222\" data-product_sku=\"DIVAIN-283\" aria-label=\"\u0394\u03b9\u03b1\u03b2\u03ac\u03c3\u03c4\u03b5 \u03c0\u03b5\u03c1\u03b9\u03c3\u03c3\u03cc\u03c4\u03b5\u03c1\u03b1 \u03b3\u03b9\u03b1 &ldquo;divain.283&rdquo;\" rel=\"nofollow\"\n\t\t\t\t\t\t\t\n\t\t\t\tdata-wc-on--click=\"woocommerce\/product-collection::actions.viewProduct\"\n\t\t\t\n\t\t\t\t\t\t>\n\t\t\t\t\t\t<span > \u0394\u03b9\u03b1\u03b2\u03ac\u03c3\u03c4\u03b5 \u03c0\u03b5\u03c1\u03b9\u03c3\u03c3\u03cc\u03c4\u03b5\u03c1\u03b1 <\/span>\n\t\t\t\t\t\t<\/a>\n\t\t\t\t\t\t\n\t\t\t\t\t<\/div>\n\t\t\t\t<\/li><\/ul>\n\t\t\t\t<div\n\t\t\t\t\tdata-wc-interactive=\"{&quot;namespace&quot;:&quot;woocommerce\/product-collection&quot;}\"\n\t\t\t\t\tclass=\"wc-block-product-collection__pagination-animation\"\n\t\t\t\t\tdata-wc-class--start-animation=\"state.startAnimation\"\n\t\t\t\t\tdata-wc-class--finish-animation=\"state.finishAnimation\">\n\t\t\t\t<\/div>\n\t\t\t\t<div\n\t\t\t\t\tdata-wc-interactive=\"{&quot;namespace&quot;:&quot;woocommerce\/product-collection&quot;}\"\n\t\t\t\t\tclass=\"screen-reader-text\"\n\t\t\t\t\taria-live=\"polite\"\n\t\t\t\t\tdata-wc-text=\"context.accessibilityMessage\">\n\t\t\t\t<\/div>\n\t\t\t<\/div><hr class=\"wp-block-separator has-alpha-channel-opacity\"\/>","protected":false},"excerpt":{"rendered":"<p>\u0395\u03bb\u03ad\u03b3\u03be\u03c4\u03b5 \u03c4\u03bf\u03bd \u03c0\u03af\u03bd\u03b1\u03ba\u03b1 \u03b9\u03c3\u03bf\u03b4\u03c5\u03bd\u03b1\u03bc\u03af\u03b1\u03c2 \u03ae \u03b1\u03bd\u03b1\u03b6\u03b7\u03c4\u03ae\u03c3\u03c4\u03b5 \u03c4\u03bf \u03ac\u03c1\u03c9\u03bc\u03ac \u03c3\u03b1\u03c2<\/p>\n","protected":false},"author":1,"featured_media":6625,"parent":0,"menu_order":0,"comment_status":"closed","ping_status":"closed","template":"","meta":{"footnotes":""},"class_list":["post-6623","page","type-page","status-publish","has-post-thumbnail","hentry"],"_links":{"self":[{"href":"https:\/\/divainers.com\/el\/wp-json\/wp\/v2\/pages\/6623","targetHints":{"allow":["GET"]}}],"collection":[{"href":"https:\/\/divainers.com\/el\/wp-json\/wp\/v2\/pages"}],"about":[{"href":"https:\/\/divainers.com\/el\/wp-json\/wp\/v2\/types\/page"}],"author":[{"embeddable":true,"href":"https:\/\/divainers.com\/el\/wp-json\/wp\/v2\/users\/1"}],"replies":[{"embeddable":true,"href":"https:\/\/divainers.com\/el\/wp-json\/wp\/v2\/comments?post=6623"}],"version-history":[{"count":1,"href":"https:\/\/divainers.com\/el\/wp-json\/wp\/v2\/pages\/6623\/revisions"}],"predecessor-version":[{"id":6629,"href":"https:\/\/divainers.com\/el\/wp-json\/wp\/v2\/pages\/6623\/revisions\/6629"}],"wp:featuredmedia":[{"embeddable":true,"href":"https:\/\/divainers.com\/el\/wp-json\/wp\/v2\/media\/6625"}],"wp:attachment":[{"href":"https:\/\/divainers.com\/el\/wp-json\/wp\/v2\/media?parent=6623"}],"curies":[{"name":"wp","href":"https:\/\/api.w.org\/{rel}","templated":true}]}}