{"id":1142,"date":"2025-01-31T08:33:31","date_gmt":"2025-01-31T07:33:31","guid":{"rendered":"https:\/\/divainers.com\/producto\/divain-633\/"},"modified":"2026-04-30T16:10:52","modified_gmt":"2026-04-30T14:10:52","slug":"divain-633","status":"publish","type":"product","link":"https:\/\/divainers.com\/el\/producto\/divain-633\/","title":{"rendered":"divain.633"},"content":{"rendered":"<p>Svje\u017ei, \u010disti i blistavi miris koji hvata \u010disto\u0107u i spokoj snje\u017enog krajolika pod suncem. Od samog po\u010detka, note badema i cvijeta naran\u010de donose toplu i nje\u017enu cvjetnu meko\u0107u, prizivaju\u0107i osje\u0107aj svje\u017ee svjetlosti. U srcu se ru\u017ea i jasmin isprepli\u0107u s diskretnim za\u010dinskim dodirom, stvaraju\u0107i delikatnu i sofisticiranu cvjetnu notu. Bazne note bijelog mo\u0161usa i jantara pru\u017eaju mekanu i obavijaju\u0107u podlogu, ostavljaju\u0107i nje\u017ean i profinjen trag. Idealni parfem za one koji tra\u017ee cvjetni i svje\u017ei miris, savr\u0161en za svakodnevnu upotrebu ili proljetnu sezonu, prenose\u0107i osje\u0107aj jasno\u0107e, elegancije i suptilne \u017eenstvenosti, idealan za one koji preferiraju lagane, ali sofisticirane mirise.<\/p>\n","protected":false},"excerpt":{"rendered":"<p>Podsje\u0107a na Soleil Neige od Tom Ford<\/p>\n","protected":false},"featured_media":15608,"comment_status":"open","ping_status":"closed","template":"","meta":[],"product_brand":[],"product_cat":[4264],"product_tag":[1383],"class_list":{"0":"post-1142","1":"product","2":"type-product","3":"status-publish","4":"has-post-thumbnail","6":"product_cat-tom-ford","7":"product_tag-unisex","9":"first","10":"instock","11":"shipping-taxable","12":"product-type-simple"},"_links":{"self":[{"href":"https:\/\/divainers.com\/el\/wp-json\/wp\/v2\/product\/1142","targetHints":{"allow":["GET"]}}],"collection":[{"href":"https:\/\/divainers.com\/el\/wp-json\/wp\/v2\/product"}],"about":[{"href":"https:\/\/divainers.com\/el\/wp-json\/wp\/v2\/types\/product"}],"replies":[{"embeddable":true,"href":"https:\/\/divainers.com\/el\/wp-json\/wp\/v2\/comments?post=1142"}],"wp:featuredmedia":[{"embeddable":true,"href":"https:\/\/divainers.com\/el\/wp-json\/wp\/v2\/media\/15608"}],"wp:attachment":[{"href":"https:\/\/divainers.com\/el\/wp-json\/wp\/v2\/media?parent=1142"}],"wp:term":[{"taxonomy":"product_brand","embeddable":true,"href":"https:\/\/divainers.com\/el\/wp-json\/wp\/v2\/product_brand?post=1142"},{"taxonomy":"product_cat","embeddable":true,"href":"https:\/\/divainers.com\/el\/wp-json\/wp\/v2\/product_cat?post=1142"},{"taxonomy":"product_tag","embeddable":true,"href":"https:\/\/divainers.com\/el\/wp-json\/wp\/v2\/product_tag?post=1142"}],"curies":[{"name":"wp","href":"https:\/\/api.w.org\/{rel}","templated":true}]}}