{"id":1144,"date":"2025-01-31T08:33:31","date_gmt":"2025-01-31T07:33:31","guid":{"rendered":"https:\/\/divainers.com\/producto\/divain-635\/"},"modified":"2026-04-30T16:10:54","modified_gmt":"2026-04-30T14:10:54","slug":"divain-635","status":"publish","type":"product","link":"https:\/\/divainers.com\/el\/producto\/divain-635\/","title":{"rendered":"divain.635"},"content":{"rendered":"<p>Svje\u017ei, osvje\u017eavaju\u0107i i sofisticirani miris koji priziva spokoj i luksuz mediteranske obale. Od samog po\u010detka, citrusne note limuna i hrasta mije\u0161aju se sa slanim i biljnim dodirima, stvaraju\u0107i osje\u0107aj obalne svje\u017eine i otvorenog zraka. U srcu, \u010dempres i ru\u017emarin donose zelenu i drvenastu dimenziju, prizivaju\u0107i morski povjetarac koji miluje stjenoviti krajolik. Drvenasta baza hrasta i meko\u0107a mo\u0161usa daju toplu i zemljanu podlogu koja savr\u0161eno uravnote\u017euje po\u010detnu svje\u017einu. Idealni parfem za one koji tra\u017ee citrusni, drvenasti i vodeni miris, savr\u0161en za svakodnevnu upotrebu u toplim klimama ili za trenutke kada \u017eelite do\u010darati osje\u0107aj uto\u010di\u0161ta uz more, okru\u017eeni prirodom i sofisticirano\u0161\u0107u.<\/p>\n","protected":false},"excerpt":{"rendered":"<p>Podsje\u0107a na Costa Azzurra od Tom Ford<\/p>\n","protected":false},"featured_media":15610,"comment_status":"open","ping_status":"closed","template":"","meta":[],"product_brand":[],"product_cat":[4259],"product_tag":[1408],"class_list":{"0":"post-1144","1":"product","2":"type-product","3":"status-publish","4":"has-post-thumbnail","6":"product_cat-tom-ford","7":"product_tag-unisex","9":"first","10":"instock","11":"shipping-taxable","12":"product-type-simple"},"_links":{"self":[{"href":"https:\/\/divainers.com\/el\/wp-json\/wp\/v2\/product\/1144","targetHints":{"allow":["GET"]}}],"collection":[{"href":"https:\/\/divainers.com\/el\/wp-json\/wp\/v2\/product"}],"about":[{"href":"https:\/\/divainers.com\/el\/wp-json\/wp\/v2\/types\/product"}],"replies":[{"embeddable":true,"href":"https:\/\/divainers.com\/el\/wp-json\/wp\/v2\/comments?post=1144"}],"wp:featuredmedia":[{"embeddable":true,"href":"https:\/\/divainers.com\/el\/wp-json\/wp\/v2\/media\/15610"}],"wp:attachment":[{"href":"https:\/\/divainers.com\/el\/wp-json\/wp\/v2\/media?parent=1144"}],"wp:term":[{"taxonomy":"product_brand","embeddable":true,"href":"https:\/\/divainers.com\/el\/wp-json\/wp\/v2\/product_brand?post=1144"},{"taxonomy":"product_cat","embeddable":true,"href":"https:\/\/divainers.com\/el\/wp-json\/wp\/v2\/product_cat?post=1144"},{"taxonomy":"product_tag","embeddable":true,"href":"https:\/\/divainers.com\/el\/wp-json\/wp\/v2\/product_tag?post=1144"}],"curies":[{"name":"wp","href":"https:\/\/api.w.org\/{rel}","templated":true}]}}