{"id":1148,"date":"2025-01-31T08:33:32","date_gmt":"2025-01-31T07:33:32","guid":{"rendered":"https:\/\/divainers.com\/producto\/divain-639\/"},"modified":"2026-04-30T16:10:59","modified_gmt":"2026-04-30T14:10:59","slug":"divain-639","status":"publish","type":"product","link":"https:\/\/divainers.com\/el\/producto\/divain-639\/","title":{"rendered":"divain.639"},"content":{"rendered":"<p>Dubok, topao i rasko\u0161no sofisticiran miris koji hvata bit mu\u017eevne elegancije i bezvremenog luksuza. Od samog otvaranja, note maline i \u0161afrana isprepli\u0107u se s dodirom mekane ko\u017ee, stvaraju\u0107i osje\u0107aj misterije i bogatstva. U srcu, ljiljan i jasmin mije\u0161aju se s dimljenom ko\u017eom, daju\u0107i cvjetni i senzualni zaokret mirisu, dok baza od jantarne drvenaste note, sandalovine i mo\u0161usa pru\u017ea drvenastu i duboko toplu podlogu. Idealni parfem za one koji tra\u017ee intenzivan, drvenasti i za\u010dinski miris, savr\u0161en za no\u0107ne prilike ili posebne doga\u0111aje gdje \u017eele ostaviti sna\u017ean i sofisticiran dojam. Njegova mje\u0161avina ko\u017ee, vo\u0107a i za\u010dina \u010dini ga prepoznatljivim izborom za one koji cijene hrabre i karakterne mirise.<\/p>\n","protected":false},"excerpt":{"rendered":"<p>Podsje\u0107a na Tuscan Leather od Tom Ford<\/p>\n","protected":false},"featured_media":15614,"comment_status":"open","ping_status":"closed","template":"","meta":[],"product_brand":[],"product_cat":[4254],"product_tag":[1410],"class_list":{"0":"post-1148","1":"product","2":"type-product","3":"status-publish","4":"has-post-thumbnail","6":"product_cat-tom-ford","7":"product_tag-uniseks","9":"first","10":"instock","11":"shipping-taxable","12":"product-type-simple"},"_links":{"self":[{"href":"https:\/\/divainers.com\/el\/wp-json\/wp\/v2\/product\/1148","targetHints":{"allow":["GET"]}}],"collection":[{"href":"https:\/\/divainers.com\/el\/wp-json\/wp\/v2\/product"}],"about":[{"href":"https:\/\/divainers.com\/el\/wp-json\/wp\/v2\/types\/product"}],"replies":[{"embeddable":true,"href":"https:\/\/divainers.com\/el\/wp-json\/wp\/v2\/comments?post=1148"}],"wp:featuredmedia":[{"embeddable":true,"href":"https:\/\/divainers.com\/el\/wp-json\/wp\/v2\/media\/15614"}],"wp:attachment":[{"href":"https:\/\/divainers.com\/el\/wp-json\/wp\/v2\/media?parent=1148"}],"wp:term":[{"taxonomy":"product_brand","embeddable":true,"href":"https:\/\/divainers.com\/el\/wp-json\/wp\/v2\/product_brand?post=1148"},{"taxonomy":"product_cat","embeddable":true,"href":"https:\/\/divainers.com\/el\/wp-json\/wp\/v2\/product_cat?post=1148"},{"taxonomy":"product_tag","embeddable":true,"href":"https:\/\/divainers.com\/el\/wp-json\/wp\/v2\/product_tag?post=1148"}],"curies":[{"name":"wp","href":"https:\/\/api.w.org\/{rel}","templated":true}]}}