{"id":1169,"date":"2025-01-31T08:33:35","date_gmt":"2025-01-31T07:33:35","guid":{"rendered":"https:\/\/divainers.com\/producto\/divain-064\/"},"modified":"2026-04-30T15:53:07","modified_gmt":"2026-04-30T13:53:07","slug":"divain-064","status":"publish","type":"product","link":"https:\/\/divainers.com\/el\/producto\/divain-064\/","title":{"rendered":"divain.064"},"content":{"rendered":"<p>Delikatan i obavijaju\u0107i miris koji prenosi \u017eenstvenost i sofisticiranost s toplim i bar\u0161unastim dodirom. Njegov svijetli po\u010detak lotosovog cvijeta i frezije donosi svje\u017einu i nje\u017enost, dok srce od bo\u017eura i jasmina obavija miris suptilnom cvjetnom elegancijom. U bazi, vanilija, badem i bijeli mah stvaraju topao i zarazan trag, savr\u0161en za slatku, elegantnu \u017eenu s prirodnim \u0161armom koji ostavlja dojam.<\/p>\n","protected":false},"excerpt":{"rendered":"<p>Podsje\u0107a na Touch od Tous<\/p>\n","protected":false},"featured_media":15080,"comment_status":"open","ping_status":"closed","template":"","meta":[],"product_brand":[],"product_cat":[4528],"product_tag":[1420],"class_list":{"0":"post-1169","1":"product","2":"type-product","3":"status-publish","4":"has-post-thumbnail","6":"product_cat-tous","7":"product_tag-frauen","9":"first","10":"instock","11":"shipping-taxable","12":"product-type-simple"},"_links":{"self":[{"href":"https:\/\/divainers.com\/el\/wp-json\/wp\/v2\/product\/1169","targetHints":{"allow":["GET"]}}],"collection":[{"href":"https:\/\/divainers.com\/el\/wp-json\/wp\/v2\/product"}],"about":[{"href":"https:\/\/divainers.com\/el\/wp-json\/wp\/v2\/types\/product"}],"replies":[{"embeddable":true,"href":"https:\/\/divainers.com\/el\/wp-json\/wp\/v2\/comments?post=1169"}],"wp:featuredmedia":[{"embeddable":true,"href":"https:\/\/divainers.com\/el\/wp-json\/wp\/v2\/media\/15080"}],"wp:attachment":[{"href":"https:\/\/divainers.com\/el\/wp-json\/wp\/v2\/media?parent=1169"}],"wp:term":[{"taxonomy":"product_brand","embeddable":true,"href":"https:\/\/divainers.com\/el\/wp-json\/wp\/v2\/product_brand?post=1169"},{"taxonomy":"product_cat","embeddable":true,"href":"https:\/\/divainers.com\/el\/wp-json\/wp\/v2\/product_cat?post=1169"},{"taxonomy":"product_tag","embeddable":true,"href":"https:\/\/divainers.com\/el\/wp-json\/wp\/v2\/product_tag?post=1169"}],"curies":[{"name":"wp","href":"https:\/\/api.w.org\/{rel}","templated":true}]}}