{"id":1177,"date":"2025-01-31T08:33:36","date_gmt":"2025-01-31T07:33:36","guid":{"rendered":"https:\/\/divainers.com\/producto\/divain-096\/"},"modified":"2026-04-30T15:53:44","modified_gmt":"2026-04-30T13:53:44","slug":"divain-096","status":"publish","type":"product","link":"https:\/\/divainers.com\/el\/producto\/divain-096\/","title":{"rendered":"divain.096"},"content":{"rendered":"<p>Elegantna i senzualna aroma koja obavija osjetila svojom sofisticiranom i zavodljivom \u017eenstveno\u0161\u0107u. Svje\u017ei i lagano misteriozni po\u010detak s bergamotom i bijelim tartufom. U srcu, spoj cvijeta naran\u010de, jasmina i divlje jagode stvara obavijaju\u0107i i sladak cvjetni buket. U bazi, vanilija, cedar i jantar ostavljaju topao i zarazan trag, savr\u0161en za sofisticiranu, romanti\u010dnu \u017eenu s prirodnim \u0161armom koji ne prolazi nezapa\u017eeno.<\/p>\n","protected":false},"excerpt":{"rendered":"<p>Podsje\u0107a na Valentina od Valentino<\/p>\n","protected":false},"featured_media":15108,"comment_status":"open","ping_status":"closed","template":"","meta":[],"product_brand":[],"product_cat":[4542],"product_tag":[1434],"class_list":{"0":"post-1177","1":"product","2":"type-product","3":"status-publish","4":"has-post-thumbnail","6":"product_cat-valentino","7":"product_tag-zene","9":"first","10":"instock","11":"shipping-taxable","12":"product-type-simple"},"_links":{"self":[{"href":"https:\/\/divainers.com\/el\/wp-json\/wp\/v2\/product\/1177","targetHints":{"allow":["GET"]}}],"collection":[{"href":"https:\/\/divainers.com\/el\/wp-json\/wp\/v2\/product"}],"about":[{"href":"https:\/\/divainers.com\/el\/wp-json\/wp\/v2\/types\/product"}],"replies":[{"embeddable":true,"href":"https:\/\/divainers.com\/el\/wp-json\/wp\/v2\/comments?post=1177"}],"wp:featuredmedia":[{"embeddable":true,"href":"https:\/\/divainers.com\/el\/wp-json\/wp\/v2\/media\/15108"}],"wp:attachment":[{"href":"https:\/\/divainers.com\/el\/wp-json\/wp\/v2\/media?parent=1177"}],"wp:term":[{"taxonomy":"product_brand","embeddable":true,"href":"https:\/\/divainers.com\/el\/wp-json\/wp\/v2\/product_brand?post=1177"},{"taxonomy":"product_cat","embeddable":true,"href":"https:\/\/divainers.com\/el\/wp-json\/wp\/v2\/product_cat?post=1177"},{"taxonomy":"product_tag","embeddable":true,"href":"https:\/\/divainers.com\/el\/wp-json\/wp\/v2\/product_tag?post=1177"}],"curies":[{"name":"wp","href":"https:\/\/api.w.org\/{rel}","templated":true}]}}