{"id":1196,"date":"2025-01-31T08:33:39","date_gmt":"2025-01-31T07:33:39","guid":{"rendered":"https:\/\/divainers.com\/producto\/divain-686\/"},"modified":"2026-04-30T16:11:55","modified_gmt":"2026-04-30T14:11:55","slug":"divain-686","status":"publish","type":"product","link":"https:\/\/divainers.com\/el\/producto\/divain-686\/","title":{"rendered":"divain.686"},"content":{"rendered":"<p>Bombshell Nights je zavodljiv i obavijaju\u0107i miris koji hvata bit no\u0107i ispunjene glamurozno\u0161\u0107u i sofisticirano\u0161\u0107u. U prvim notama isti\u010de se kombinacija so\u010dnog vo\u0107a poput tre\u0161nje i maline, koja donosi svje\u017einu i slatko\u0107u. Kako se razvija, otkriva se cvjetno srce bo\u017eura i orhideje, koje daje da\u0161ak elegancije i \u017eenstvenosti. Na kraju, bazne note sandalovine i mo\u0161usa obavijaju ko\u017eu toplim i senzualnim tragom, stvaraju\u0107i zavodljiv i tajanstven miris. Savr\u0161en je izbor za posebnu no\u0107, kada su samopouzdanje i \u0161arm u prvom planu.<\/p>\n","protected":false},"excerpt":{"rendered":"<p>Podsje\u0107a na Bombshell Nights od Victoria&#8217;s Secret<\/p>\n","protected":false},"featured_media":15655,"comment_status":"open","ping_status":"closed","template":"","meta":[],"product_brand":[],"product_cat":[1981],"product_tag":[1434],"class_list":{"0":"post-1196","1":"product","2":"type-product","3":"status-publish","4":"has-post-thumbnail","6":"product_cat-victorias-secret","7":"product_tag-zene","9":"first","10":"instock","11":"shipping-taxable","12":"product-type-simple"},"_links":{"self":[{"href":"https:\/\/divainers.com\/el\/wp-json\/wp\/v2\/product\/1196","targetHints":{"allow":["GET"]}}],"collection":[{"href":"https:\/\/divainers.com\/el\/wp-json\/wp\/v2\/product"}],"about":[{"href":"https:\/\/divainers.com\/el\/wp-json\/wp\/v2\/types\/product"}],"replies":[{"embeddable":true,"href":"https:\/\/divainers.com\/el\/wp-json\/wp\/v2\/comments?post=1196"}],"wp:featuredmedia":[{"embeddable":true,"href":"https:\/\/divainers.com\/el\/wp-json\/wp\/v2\/media\/15655"}],"wp:attachment":[{"href":"https:\/\/divainers.com\/el\/wp-json\/wp\/v2\/media?parent=1196"}],"wp:term":[{"taxonomy":"product_brand","embeddable":true,"href":"https:\/\/divainers.com\/el\/wp-json\/wp\/v2\/product_brand?post=1196"},{"taxonomy":"product_cat","embeddable":true,"href":"https:\/\/divainers.com\/el\/wp-json\/wp\/v2\/product_cat?post=1196"},{"taxonomy":"product_tag","embeddable":true,"href":"https:\/\/divainers.com\/el\/wp-json\/wp\/v2\/product_tag?post=1196"}],"curies":[{"name":"wp","href":"https:\/\/api.w.org\/{rel}","templated":true}]}}