{"id":1208,"date":"2025-01-31T08:33:40","date_gmt":"2025-01-31T07:33:40","guid":{"rendered":"https:\/\/divainers.com\/producto\/divain-752\/"},"modified":"2026-03-16T16:08:28","modified_gmt":"2026-03-16T15:08:28","slug":"divain-752","status":"publish","type":"product","link":"https:\/\/divainers.com\/el\/producto\/divain-752\/","title":{"rendered":"divain.752"},"content":{"rendered":"<p>Es una fragancia vibrante y luminosa con un car\u00e1cter frutal y almizclado. Se abre con una explosi\u00f3n jugosa y energ\u00e9tica de frutas c\u00edtricas y ex\u00f3ticas, creando una sensaci\u00f3n fresca y chispeante. A medida que evoluciona, un acorde de almizcle blanco y \u00e1mbar dulce envuelve la composici\u00f3n, aportando calidez y profundidad. Su estela es duradera, con un toque cremoso y aterciopelado que la hace irresistiblemente adictiva. Perfecta para quienes buscan un aroma moderno, sensual y con un toque de lujo.<\/p>\n","protected":false},"excerpt":{"rendered":"<p>Recuerda a Erba Pura de Xerjoff<\/p>\n","protected":false},"featured_media":3272,"comment_status":"open","ping_status":"closed","template":"","meta":[],"product_brand":[],"product_cat":[1033],"product_tag":[1402],"class_list":{"0":"post-1208","1":"product","2":"type-product","3":"status-publish","4":"has-post-thumbnail","6":"product_cat-xerjoff","7":"product_tag-unisex","9":"first","10":"instock","11":"shipping-taxable","12":"product-type-simple"},"_links":{"self":[{"href":"https:\/\/divainers.com\/el\/wp-json\/wp\/v2\/product\/1208","targetHints":{"allow":["GET"]}}],"collection":[{"href":"https:\/\/divainers.com\/el\/wp-json\/wp\/v2\/product"}],"about":[{"href":"https:\/\/divainers.com\/el\/wp-json\/wp\/v2\/types\/product"}],"replies":[{"embeddable":true,"href":"https:\/\/divainers.com\/el\/wp-json\/wp\/v2\/comments?post=1208"}],"wp:featuredmedia":[{"embeddable":true,"href":"https:\/\/divainers.com\/el\/wp-json\/wp\/v2\/media\/3272"}],"wp:attachment":[{"href":"https:\/\/divainers.com\/el\/wp-json\/wp\/v2\/media?parent=1208"}],"wp:term":[{"taxonomy":"product_brand","embeddable":true,"href":"https:\/\/divainers.com\/el\/wp-json\/wp\/v2\/product_brand?post=1208"},{"taxonomy":"product_cat","embeddable":true,"href":"https:\/\/divainers.com\/el\/wp-json\/wp\/v2\/product_cat?post=1208"},{"taxonomy":"product_tag","embeddable":true,"href":"https:\/\/divainers.com\/el\/wp-json\/wp\/v2\/product_tag?post=1208"}],"curies":[{"name":"wp","href":"https:\/\/api.w.org\/{rel}","templated":true}]}}