{"id":1211,"date":"2025-01-31T08:33:40","date_gmt":"2025-01-31T07:33:40","guid":{"rendered":"https:\/\/divainers.com\/producto\/divain-032\/"},"modified":"2026-04-30T15:52:39","modified_gmt":"2026-04-30T13:52:39","slug":"divain-032","status":"publish","type":"product","link":"https:\/\/divainers.com\/el\/producto\/divain-032\/","title":{"rendered":"divain.032"},"content":{"rendered":"<p>Sofisticirani i magnetski miris koji spaja svje\u017einu i toplinu s apsolutnom elegancijom. Njegov vibrantni otvor s bergamotom i \u0111umbirom donosi iskri\u010dav i za\u010dinski dodir, dok srce od ljubi\u010dastih listova i bosiljka uravnote\u017euje miris suptilnom sofisticirano\u0161\u0107u. U bazi, note cedra, tonke i vetivera stvaraju zavodljivi i obavijaju\u0107i trag, savr\u0161en za modernog, karizmati\u010dnog i samouvjerenog mu\u0161karca.<\/p>\n","protected":false},"excerpt":{"rendered":"<p>Podsje\u0107a na L&#8217;Homme od Yves Saint Laurent<\/p>\n","protected":false},"featured_media":15061,"comment_status":"open","ping_status":"closed","template":"","meta":[],"product_brand":[],"product_cat":[2261],"product_tag":[1360],"class_list":{"0":"post-1211","1":"product","2":"type-product","3":"status-publish","4":"has-post-thumbnail","6":"product_cat-yves-saint-laurent","7":"product_tag-muskarci","9":"first","10":"instock","11":"shipping-taxable","12":"product-type-simple"},"_links":{"self":[{"href":"https:\/\/divainers.com\/el\/wp-json\/wp\/v2\/product\/1211","targetHints":{"allow":["GET"]}}],"collection":[{"href":"https:\/\/divainers.com\/el\/wp-json\/wp\/v2\/product"}],"about":[{"href":"https:\/\/divainers.com\/el\/wp-json\/wp\/v2\/types\/product"}],"replies":[{"embeddable":true,"href":"https:\/\/divainers.com\/el\/wp-json\/wp\/v2\/comments?post=1211"}],"wp:featuredmedia":[{"embeddable":true,"href":"https:\/\/divainers.com\/el\/wp-json\/wp\/v2\/media\/15061"}],"wp:attachment":[{"href":"https:\/\/divainers.com\/el\/wp-json\/wp\/v2\/media?parent=1211"}],"wp:term":[{"taxonomy":"product_brand","embeddable":true,"href":"https:\/\/divainers.com\/el\/wp-json\/wp\/v2\/product_brand?post=1211"},{"taxonomy":"product_cat","embeddable":true,"href":"https:\/\/divainers.com\/el\/wp-json\/wp\/v2\/product_cat?post=1211"},{"taxonomy":"product_tag","embeddable":true,"href":"https:\/\/divainers.com\/el\/wp-json\/wp\/v2\/product_tag?post=1211"}],"curies":[{"name":"wp","href":"https:\/\/api.w.org\/{rel}","templated":true}]}}