{"id":349,"date":"2025-01-31T08:31:53","date_gmt":"2025-01-31T07:31:53","guid":{"rendered":"https:\/\/divainers.com\/producto\/divain-598\/"},"modified":"2026-04-30T16:20:51","modified_gmt":"2026-04-30T14:20:51","slug":"divain-598","status":"publish","type":"product","link":"https:\/\/divainers.com\/el\/producto\/divain-598\/","title":{"rendered":"divain.598"},"content":{"rendered":"<p>Odv\u00e1\u017en\u00e1, smysln\u00e1 a n\u00e1vykov\u00e1 v\u016fn\u011b, kter\u00e1 zachycuje podstatu siln\u00e9, z\u00e1\u0159iv\u00e9 \u017eeny s n\u00e1dechem odvahy. Od za\u010d\u00e1tku vytv\u00e1\u0159\u00ed jisk\u0159iv\u00e1 gran\u00e1tov\u00e9 jablko a kv\u011bt z\u00e1zvoru \u017eiv\u00fd kontrast mezi ovocnou sladkost\u00ed a ko\u0159en\u011bn\u00fdm n\u00e1dechem. V srdci se kr\u00e9movost dulce de leche m\u00eds\u00ed s kv\u011btem datury, p\u0159in\u00e1\u0161ej\u00edc\u00ed obklopuj\u00edc\u00ed a sv\u016fdnou \u017eenskost. Nakonec z\u00e1klad z tonka bob\u016f a vetiveru dod\u00e1v\u00e1 hloubku a teplo, zanech\u00e1vaj\u00edc\u00ed neodolatelnou a sofistikovanou stopu. Parf\u00e9m ide\u00e1ln\u00ed pro ty, kte\u0159\u00ed hledaj\u00ed gurm\u00e1nskou kv\u011btinovou v\u016fni s charakterem, perfektn\u00ed pro zd\u016frazn\u011bn\u00ed elegance a magnetismu p\u0159i jak\u00e9koliv p\u0159\u00edle\u017eitosti.<\/p>\n","protected":false},"excerpt":{"rendered":"<p>P\u0159ipom\u00edn\u00e1 Wanted Girl od Azzaro<\/p>\n","protected":false},"featured_media":15923,"comment_status":"open","ping_status":"closed","template":"","meta":[],"product_brand":[],"product_cat":[1677],"product_tag":[1456],"class_list":{"0":"post-349","1":"product","2":"type-product","3":"status-publish","4":"has-post-thumbnail","6":"product_cat-azzaro","7":"product_tag-1456","9":"first","10":"instock","11":"shipping-taxable","12":"product-type-simple"},"_links":{"self":[{"href":"https:\/\/divainers.com\/el\/wp-json\/wp\/v2\/product\/349","targetHints":{"allow":["GET"]}}],"collection":[{"href":"https:\/\/divainers.com\/el\/wp-json\/wp\/v2\/product"}],"about":[{"href":"https:\/\/divainers.com\/el\/wp-json\/wp\/v2\/types\/product"}],"replies":[{"embeddable":true,"href":"https:\/\/divainers.com\/el\/wp-json\/wp\/v2\/comments?post=349"}],"wp:featuredmedia":[{"embeddable":true,"href":"https:\/\/divainers.com\/el\/wp-json\/wp\/v2\/media\/15923"}],"wp:attachment":[{"href":"https:\/\/divainers.com\/el\/wp-json\/wp\/v2\/media?parent=349"}],"wp:term":[{"taxonomy":"product_brand","embeddable":true,"href":"https:\/\/divainers.com\/el\/wp-json\/wp\/v2\/product_brand?post=349"},{"taxonomy":"product_cat","embeddable":true,"href":"https:\/\/divainers.com\/el\/wp-json\/wp\/v2\/product_cat?post=349"},{"taxonomy":"product_tag","embeddable":true,"href":"https:\/\/divainers.com\/el\/wp-json\/wp\/v2\/product_tag?post=349"}],"curies":[{"name":"wp","href":"https:\/\/api.w.org\/{rel}","templated":true}]}}