{"id":3868,"date":"2025-07-07T10:32:35","date_gmt":"2025-07-07T08:32:35","guid":{"rendered":"https:\/\/divainers.com\/?post_type=product&#038;p=3868"},"modified":"2026-03-16T16:08:35","modified_gmt":"2026-03-16T15:08:35","slug":"divain-487","status":"publish","type":"product","link":"https:\/\/divainers.com\/el\/producto\/divain-487\/","title":{"rendered":"divain.487"},"content":{"rendered":"<p>Imagina una fragancia que despierta los sentidos con una chispa de especias vibrantes, seguida por un coraz\u00f3n floral sutil que suaviza su car\u00e1cter. Luego, una base profunda de maderas nobiliarias y tonos ambarinos envuelve la piel, proyectando una estela c\u00e1lida, potente y duradera. Perfecta para quienes buscan una esencia intensa, refinada y con presencia.<\/p>\n","protected":false},"excerpt":{"rendered":"<p>Recuerda a Intense Pepper de Montale<\/p>\n","protected":false},"featured_media":3869,"comment_status":"closed","ping_status":"closed","template":"","meta":[],"product_brand":[],"product_cat":[725],"product_tag":[],"class_list":{"0":"post-3868","1":"product","2":"type-product","3":"status-publish","4":"has-post-thumbnail","6":"product_cat-montale","8":"first","9":"instock","10":"shipping-taxable","11":"product-type-simple"},"_links":{"self":[{"href":"https:\/\/divainers.com\/el\/wp-json\/wp\/v2\/product\/3868","targetHints":{"allow":["GET"]}}],"collection":[{"href":"https:\/\/divainers.com\/el\/wp-json\/wp\/v2\/product"}],"about":[{"href":"https:\/\/divainers.com\/el\/wp-json\/wp\/v2\/types\/product"}],"replies":[{"embeddable":true,"href":"https:\/\/divainers.com\/el\/wp-json\/wp\/v2\/comments?post=3868"}],"wp:featuredmedia":[{"embeddable":true,"href":"https:\/\/divainers.com\/el\/wp-json\/wp\/v2\/media\/3869"}],"wp:attachment":[{"href":"https:\/\/divainers.com\/el\/wp-json\/wp\/v2\/media?parent=3868"}],"wp:term":[{"taxonomy":"product_brand","embeddable":true,"href":"https:\/\/divainers.com\/el\/wp-json\/wp\/v2\/product_brand?post=3868"},{"taxonomy":"product_cat","embeddable":true,"href":"https:\/\/divainers.com\/el\/wp-json\/wp\/v2\/product_cat?post=3868"},{"taxonomy":"product_tag","embeddable":true,"href":"https:\/\/divainers.com\/el\/wp-json\/wp\/v2\/product_tag?post=3868"}],"curies":[{"name":"wp","href":"https:\/\/api.w.org\/{rel}","templated":true}]}}