{"id":413,"date":"2025-01-31T08:32:00","date_gmt":"2025-01-31T07:32:00","guid":{"rendered":"https:\/\/divainers.com\/producto\/divain-111\/"},"modified":"2026-03-16T16:07:19","modified_gmt":"2026-03-16T15:07:19","slug":"divain-111","status":"publish","type":"product","link":"https:\/\/divainers.com\/el\/producto\/divain-111\/","title":{"rendered":"divain.111"},"content":{"rendered":"<p>Un aroma rom\u00e1ntico y delicado que evoca la pureza y la feminidad atemporal. Su apertura fresca de bergamota y jacinto aporta una sensaci\u00f3n luminosa y suave. En el coraz\u00f3n, un bouquet floral de lirio, jazm\u00edn y rosa envuelve la fragancia en una dulzura et\u00e9rea y elegante. En el fondo, el s\u00e1ndalo, el incienso y el musgo crean una estela c\u00e1lida y envolvente, perfecta para la mujer so\u00f1adora, tierna y con una belleza natural que deja huella.<\/p>\n","protected":false},"excerpt":{"rendered":"<p>Recuerda a Ana\u00efs Ana\u00efs de Cacharel<\/p>\n","protected":false},"featured_media":3467,"comment_status":"open","ping_status":"closed","template":"","meta":[],"product_brand":[],"product_cat":[2064],"product_tag":[1454],"class_list":{"0":"post-413","1":"product","2":"type-product","3":"status-publish","4":"has-post-thumbnail","6":"product_cat-cacharel","7":"product_tag-nok","9":"first","10":"instock","11":"shipping-taxable","12":"product-type-simple"},"_links":{"self":[{"href":"https:\/\/divainers.com\/el\/wp-json\/wp\/v2\/product\/413","targetHints":{"allow":["GET"]}}],"collection":[{"href":"https:\/\/divainers.com\/el\/wp-json\/wp\/v2\/product"}],"about":[{"href":"https:\/\/divainers.com\/el\/wp-json\/wp\/v2\/types\/product"}],"replies":[{"embeddable":true,"href":"https:\/\/divainers.com\/el\/wp-json\/wp\/v2\/comments?post=413"}],"wp:featuredmedia":[{"embeddable":true,"href":"https:\/\/divainers.com\/el\/wp-json\/wp\/v2\/media\/3467"}],"wp:attachment":[{"href":"https:\/\/divainers.com\/el\/wp-json\/wp\/v2\/media?parent=413"}],"wp:term":[{"taxonomy":"product_brand","embeddable":true,"href":"https:\/\/divainers.com\/el\/wp-json\/wp\/v2\/product_brand?post=413"},{"taxonomy":"product_cat","embeddable":true,"href":"https:\/\/divainers.com\/el\/wp-json\/wp\/v2\/product_cat?post=413"},{"taxonomy":"product_tag","embeddable":true,"href":"https:\/\/divainers.com\/el\/wp-json\/wp\/v2\/product_tag?post=413"}],"curies":[{"name":"wp","href":"https:\/\/api.w.org\/{rel}","templated":true}]}}